{"id":4510,"date":"2022-03-15T09:56:30","date_gmt":"2022-03-15T08:56:30","guid":{"rendered":"https:\/\/mangrose.fr\/my-account\/"},"modified":"2024-11-26T12:00:31","modified_gmt":"2024-11-26T11:00:31","slug":"my-account","status":"publish","type":"page","link":"https:\/\/mangrose.fr\/en\/my-account\/","title":{"rendered":"My account"},"content":{"rendered":"\t\t<div data-elementor-type=\"wp-page\" data-elementor-id=\"4510\" class=\"elementor elementor-4510 elementor-18\" data-elementor-post-type=\"page\">\n\t\t\t\t<section class=\"elementor-element elementor-element-6a27180 e-flex e-con-boxed e-con e-parent\" data-id=\"6a27180\" data-element_type=\"container\" data-e-type=\"container\">\n\t\t\t\t\t<div class=\"e-con-inner\">\n\t\t\t\t<div class=\"elementor-element elementor-element-c43f528 elementor-widget elementor-widget-heading\" data-id=\"c43f528\" data-element_type=\"widget\" data-e-type=\"widget\" data-widget_type=\"heading.default\">\n\t\t\t\t<div class=\"elementor-widget-container\">\n\t\t\t\t\t<h1 class=\"elementor-heading-title elementor-size-default\">My account<\/h1>\t\t\t\t<\/div>\n\t\t\t\t<\/div>\n\t\t\t\t\t<\/div>\n\t\t\t\t<\/section>\n\t\t<section class=\"elementor-element elementor-element-780b383 e-flex e-con-boxed e-con e-parent\" data-id=\"780b383\" data-element_type=\"container\" data-e-type=\"container\">\n\t\t\t\t\t<div class=\"e-con-inner\">\n\t\t\t\t<div class=\"elementor-element elementor-element-70b345d e-my-account-tabs-vertical elementor-widget elementor-widget-woocommerce-my-account\" data-id=\"70b345d\" data-element_type=\"widget\" data-e-type=\"widget\" id=\"compte\" data-widget_type=\"woocommerce-my-account.default\">\n\t\t\t\t<div class=\"elementor-widget-container\">\n\t\t\t\t\t<div class=\"e-my-account-tab e-my-account-tab__ \">\t\t\t<div class=\"woocommerce\"><\/div>\t\t<\/div>\n\t\t\t\t\t\t<\/div>\n\t\t\t\t<\/div>\n\t\t\t\t\t<\/div>\n\t\t\t\t<\/section>\n\t\t\t\t<\/div>\n\t\t","protected":false},"excerpt":{"rendered":"<p>My account<\/p>\n","protected":false},"author":1,"featured_media":0,"parent":0,"menu_order":0,"comment_status":"closed","ping_status":"closed","template":"","meta":{"_acf_changed":false,"inline_featured_image":false,"footnotes":""},"folder":[],"class_list":["post-4510","page","type-page","status-publish","hentry"],"acf":[],"featured_image_src":null,"yoast_head":"<!-- This site is optimized with the Yoast SEO plugin v27.3 - https:\/\/yoast.com\/product\/yoast-seo-wordpress\/ -->\n<title>My account | Mangrose<\/title>\n<meta name=\"robots\" content=\"index, follow, max-snippet:-1, max-image-preview:large, max-video-preview:-1\" \/>\n<link rel=\"canonical\" href=\"https:\/\/mangrose.fr\/en\/my-account\/\" \/>\n<meta property=\"og:locale\" content=\"en_US\" \/>\n<meta property=\"og:type\" content=\"article\" \/>\n<meta property=\"og:title\" content=\"My account | Mangrose\" \/>\n<meta property=\"og:description\" content=\"My account\" \/>\n<meta property=\"og:url\" content=\"https:\/\/mangrose.fr\/en\/my-account\/\" \/>\n<meta property=\"og:site_name\" content=\"Mangrose\" \/>\n<meta property=\"article:publisher\" content=\"https:\/\/www.facebook.com\/profile.php?id=61561191892048\" \/>\n<meta property=\"article:modified_time\" content=\"2024-11-26T11:00:31+00:00\" \/>\n<meta property=\"og:image\" content=\"https:\/\/mangrose.fr\/wp-content\/uploads\/pexels-theplanetspeaks-11635487.jpg\" \/>\n\t<meta property=\"og:image:width\" content=\"1920\" \/>\n\t<meta property=\"og:image:height\" content=\"1280\" \/>\n\t<meta property=\"og:image:type\" content=\"image\/jpeg\" \/>\n<meta name=\"twitter:card\" content=\"summary_large_image\" \/>\n<script type=\"application\/ld+json\" class=\"yoast-schema-graph\">{\"@context\":\"https:\\\/\\\/schema.org\",\"@graph\":[{\"@type\":\"WebPage\",\"@id\":\"https:\\\/\\\/mangrose.fr\\\/en\\\/my-account\\\/\",\"url\":\"https:\\\/\\\/mangrose.fr\\\/en\\\/my-account\\\/\",\"name\":\"My account | Mangrose\",\"isPartOf\":{\"@id\":\"https:\\\/\\\/mangrose.fr\\\/en\\\/#website\"},\"datePublished\":\"2022-03-15T08:56:30+00:00\",\"dateModified\":\"2024-11-26T11:00:31+00:00\",\"breadcrumb\":{\"@id\":\"https:\\\/\\\/mangrose.fr\\\/en\\\/my-account\\\/#breadcrumb\"},\"inLanguage\":\"en-US\",\"potentialAction\":[{\"@type\":\"ReadAction\",\"target\":[\"https:\\\/\\\/mangrose.fr\\\/en\\\/my-account\\\/\"]}]},{\"@type\":\"BreadcrumbList\",\"@id\":\"https:\\\/\\\/mangrose.fr\\\/en\\\/my-account\\\/#breadcrumb\",\"itemListElement\":[{\"@type\":\"ListItem\",\"position\":1,\"name\":\"Accueil\",\"item\":\"https:\\\/\\\/mangrose.fr\\\/en\\\/\"},{\"@type\":\"ListItem\",\"position\":2,\"name\":\"My account\"}]},{\"@type\":\"WebSite\",\"@id\":\"https:\\\/\\\/mangrose.fr\\\/en\\\/#website\",\"url\":\"https:\\\/\\\/mangrose.fr\\\/en\\\/\",\"name\":\"Mangrose\",\"description\":\"Une marque de mode engag\u00e9e et inspir\u00e9e par la biodiversit\u00e9\",\"publisher\":{\"@id\":\"https:\\\/\\\/mangrose.fr\\\/en\\\/#organization\"},\"alternateName\":\"Mangrose\",\"potentialAction\":[{\"@type\":\"SearchAction\",\"target\":{\"@type\":\"EntryPoint\",\"urlTemplate\":\"https:\\\/\\\/mangrose.fr\\\/en\\\/?s={search_term_string}\"},\"query-input\":{\"@type\":\"PropertyValueSpecification\",\"valueRequired\":true,\"valueName\":\"search_term_string\"}}],\"inLanguage\":\"en-US\"},{\"@type\":\"Organization\",\"@id\":\"https:\\\/\\\/mangrose.fr\\\/en\\\/#organization\",\"name\":\"Mangrose\",\"alternateName\":\"Mangrose\",\"url\":\"https:\\\/\\\/mangrose.fr\\\/en\\\/\",\"logo\":{\"@type\":\"ImageObject\",\"inLanguage\":\"en-US\",\"@id\":\"https:\\\/\\\/mangrose.fr\\\/en\\\/#\\\/schema\\\/logo\\\/image\\\/\",\"url\":\"https:\\\/\\\/mangrose.fr\\\/wp-content\\\/uploads\\\/logo-mangrose.svg\",\"contentUrl\":\"https:\\\/\\\/mangrose.fr\\\/wp-content\\\/uploads\\\/logo-mangrose.svg\",\"width\":224,\"height\":82,\"caption\":\"Mangrose\"},\"image\":{\"@id\":\"https:\\\/\\\/mangrose.fr\\\/en\\\/#\\\/schema\\\/logo\\\/image\\\/\"},\"sameAs\":[\"https:\\\/\\\/www.facebook.com\\\/profile.php?id=61561191892048\"]}]}<\/script>\n<!-- \/ Yoast SEO plugin. -->","yoast_head_json":{"title":"My account | Mangrose","robots":{"index":"index","follow":"follow","max-snippet":"max-snippet:-1","max-image-preview":"max-image-preview:large","max-video-preview":"max-video-preview:-1"},"canonical":"https:\/\/mangrose.fr\/en\/my-account\/","og_locale":"en_US","og_type":"article","og_title":"My account | Mangrose","og_description":"My account","og_url":"https:\/\/mangrose.fr\/en\/my-account\/","og_site_name":"Mangrose","article_publisher":"https:\/\/www.facebook.com\/profile.php?id=61561191892048","article_modified_time":"2024-11-26T11:00:31+00:00","og_image":[{"width":1920,"height":1280,"url":"https:\/\/mangrose.fr\/wp-content\/uploads\/pexels-theplanetspeaks-11635487.jpg","type":"image\/jpeg"}],"twitter_card":"summary_large_image","schema":{"@context":"https:\/\/schema.org","@graph":[{"@type":"WebPage","@id":"https:\/\/mangrose.fr\/en\/my-account\/","url":"https:\/\/mangrose.fr\/en\/my-account\/","name":"My account | Mangrose","isPartOf":{"@id":"https:\/\/mangrose.fr\/en\/#website"},"datePublished":"2022-03-15T08:56:30+00:00","dateModified":"2024-11-26T11:00:31+00:00","breadcrumb":{"@id":"https:\/\/mangrose.fr\/en\/my-account\/#breadcrumb"},"inLanguage":"en-US","potentialAction":[{"@type":"ReadAction","target":["https:\/\/mangrose.fr\/en\/my-account\/"]}]},{"@type":"BreadcrumbList","@id":"https:\/\/mangrose.fr\/en\/my-account\/#breadcrumb","itemListElement":[{"@type":"ListItem","position":1,"name":"Accueil","item":"https:\/\/mangrose.fr\/en\/"},{"@type":"ListItem","position":2,"name":"My account"}]},{"@type":"WebSite","@id":"https:\/\/mangrose.fr\/en\/#website","url":"https:\/\/mangrose.fr\/en\/","name":"Mangrose","description":"Une marque de mode engag\u00e9e et inspir\u00e9e par la biodiversit\u00e9","publisher":{"@id":"https:\/\/mangrose.fr\/en\/#organization"},"alternateName":"Mangrose","potentialAction":[{"@type":"SearchAction","target":{"@type":"EntryPoint","urlTemplate":"https:\/\/mangrose.fr\/en\/?s={search_term_string}"},"query-input":{"@type":"PropertyValueSpecification","valueRequired":true,"valueName":"search_term_string"}}],"inLanguage":"en-US"},{"@type":"Organization","@id":"https:\/\/mangrose.fr\/en\/#organization","name":"Mangrose","alternateName":"Mangrose","url":"https:\/\/mangrose.fr\/en\/","logo":{"@type":"ImageObject","inLanguage":"en-US","@id":"https:\/\/mangrose.fr\/en\/#\/schema\/logo\/image\/","url":"https:\/\/mangrose.fr\/wp-content\/uploads\/logo-mangrose.svg","contentUrl":"https:\/\/mangrose.fr\/wp-content\/uploads\/logo-mangrose.svg","width":224,"height":82,"caption":"Mangrose"},"image":{"@id":"https:\/\/mangrose.fr\/en\/#\/schema\/logo\/image\/"},"sameAs":["https:\/\/www.facebook.com\/profile.php?id=61561191892048"]}]}},"_links":{"self":[{"href":"https:\/\/mangrose.fr\/en\/wp-json\/wp\/v2\/pages\/4510","targetHints":{"allow":["GET"]}}],"collection":[{"href":"https:\/\/mangrose.fr\/en\/wp-json\/wp\/v2\/pages"}],"about":[{"href":"https:\/\/mangrose.fr\/en\/wp-json\/wp\/v2\/types\/page"}],"author":[{"embeddable":true,"href":"https:\/\/mangrose.fr\/en\/wp-json\/wp\/v2\/users\/1"}],"replies":[{"embeddable":true,"href":"https:\/\/mangrose.fr\/en\/wp-json\/wp\/v2\/comments?post=4510"}],"version-history":[{"count":5,"href":"https:\/\/mangrose.fr\/en\/wp-json\/wp\/v2\/pages\/4510\/revisions"}],"predecessor-version":[{"id":5425,"href":"https:\/\/mangrose.fr\/en\/wp-json\/wp\/v2\/pages\/4510\/revisions\/5425"}],"wp:attachment":[{"href":"https:\/\/mangrose.fr\/en\/wp-json\/wp\/v2\/media?parent=4510"}],"wp:term":[{"taxonomy":"folder","embeddable":true,"href":"https:\/\/mangrose.fr\/en\/wp-json\/wp\/v2\/folder?post=4510"}],"curies":[{"name":"wp","href":"https:\/\/api.w.org\/{rel}","templated":true}]}}