{"id":4933,"date":"2023-04-26T11:49:31","date_gmt":"2023-04-26T09:49:31","guid":{"rendered":"https:\/\/mangrose.fr\/legal-notice\/"},"modified":"2024-07-03T09:19:17","modified_gmt":"2024-07-03T07:19:17","slug":"legal-notice","status":"publish","type":"page","link":"https:\/\/mangrose.fr\/en\/legal-notice\/","title":{"rendered":"Legal Notice"},"content":{"rendered":"\t\t<div data-elementor-type=\"wp-page\" data-elementor-id=\"4933\" class=\"elementor elementor-4933 elementor-190\" data-elementor-post-type=\"page\">\n\t\t\t\t<section class=\"elementor-element elementor-element-b4c6112 e-flex e-con-boxed e-con e-parent\" data-id=\"b4c6112\" data-element_type=\"container\" data-e-type=\"container\" data-settings=\"{&quot;background_background&quot;:&quot;classic&quot;}\">\n\t\t\t\t\t<div class=\"e-con-inner\">\n\t\t\t\t<div class=\"elementor-element elementor-element-0b47f1a elementor-widget__width-auto elementor-widget elementor-widget-woocommerce-breadcrumb\" data-id=\"0b47f1a\" data-element_type=\"widget\" data-e-type=\"widget\" data-widget_type=\"woocommerce-breadcrumb.default\">\n\t\t\t\t<div class=\"elementor-widget-container\">\n\t\t\t\t\t<nav class=\"woocommerce-breadcrumb\" aria-label=\"Breadcrumb\">Home<\/nav>\t\t\t\t<\/div>\n\t\t\t\t<\/div>\n\t\t\t\t<div class=\"elementor-element elementor-element-aa3b442 elementor-widget elementor-widget-heading\" data-id=\"aa3b442\" data-element_type=\"widget\" data-e-type=\"widget\" data-widget_type=\"heading.default\">\n\t\t\t\t<div class=\"elementor-widget-container\">\n\t\t\t\t\t<h1 class=\"elementor-heading-title elementor-size-default\">Legal Notice<\/h1>\t\t\t\t<\/div>\n\t\t\t\t<\/div>\n\t\t\t\t\t<\/div>\n\t\t\t\t<\/section>\n\t\t<section class=\"elementor-element elementor-element-8786ab7 e-flex e-con-boxed e-con e-parent\" data-id=\"8786ab7\" data-element_type=\"container\" data-e-type=\"container\">\n\t\t\t\t\t<div class=\"e-con-inner\">\n\t\t\t\t<div class=\"elementor-element elementor-element-fd1999d elementor-widget elementor-widget-text-editor\" data-id=\"fd1999d\" data-element_type=\"widget\" data-e-type=\"widget\" data-widget_type=\"text-editor.default\">\n\t\t\t\t<div class=\"elementor-widget-container\">\n\t\t\t\t\t\t\t\t\t<h2>1. OWNERSHIP<\/h2>\n<p>Sole proprietorship, EI Bertrand Lacaze \/ MANGROSE SIRET 509 299 889 00055 NAF \/ APE Code 47.91B<\/p>\n<h2>2. DESIGN AND DEVELOPMENT<\/h2>\n<p><strong>EENOV<\/strong><br \/>SAS with a capital of \u20ac50,000<br \/>25 Rue Marcel Issartier<br \/>Business Center Aeroparc<br \/>33700 MERIGNAC<br \/>FRANCE<\/p>\n<p>Phone: <a href=\"tel:+33557530231\">05.57.53.02.31<\/a><br \/>Email: <a href=\"mailto:contact@eenov.com\">contact@eenov.com<\/a><\/p>\n<p>RCS Bordeaux B 479 022 386<br \/>NAF code 6201Z<br \/>SIRET 479 022 386 00037<\/p>\n<h2>3. SITE HOSTING<\/h2>\n<p><strong>OVH<\/strong><br \/>Headquarters: 2 rue Kellermann<br \/>59100 Roubaix<br \/>France<\/p>\n<h2>4. PROVISIONS RELATED TO DATA PROTECTION<\/h2>\n<p>In accordance with the provisions of law n\u00b078-17 of January 6, 1978, relating to data processing, files, and freedoms, any automated processing of personal data that may be carried out from this website will be subject to a declaration to the National Commission for Informatics and Liberties (CNIL).<\/p>\n<p>To date, the only personal data are those of the EI Bertrand Lacaze contacts (name and email). In this regard, in accordance with the provisions of law n\u00b0 2004-801 of August 6, 2004, relating to the protection of individuals with regard to the processing of personal data and amending law n\u00b0 78-17 of January 6, 1978, relating to data processing, files, and freedoms published in the Official Journal of August 7, 2004, we specify that this data will remain strictly confidential.<\/p>\n<h2>5. RIGHTS RELATED TO DATA CHANGES<\/h2>\n<p>The right to access, modify, rectify, and delete data is exercised by sending an email to the following address: <span style=\"text-decoration: underline;\"><a href=\"mailto:contact@mangrose.fr\">contact@mangrose.fr<\/a><\/span>. In accordance with the provisions of law n\u00b078-17 of January 6, 1978, relating to data processing, files, and freedoms, any automated processing of personal data that may be carried out from this website will be subject to a declaration to the National Commission for Informatics and Liberties (CNIL).<\/p>\n<h2>6. PHOTO &amp; VIDEO CREDITS<\/h2>\n<p>All photographs and videos presented on this site are protected by the Code of Intellectual and Artistic Property and are the property of their respective authors or producers. Any reproduction or distribution is prohibited without obtaining the written permission of the rights holders.<\/p>\n<h2>7. COOKIE STATEMENT<\/h2>\n<p>This website uses cookies. Cookies allow us to analyze traffic and provide additional navigation features. We also share information about your use of our site with our partners for statistical purposes. You consent to our cookies if you continue to use this site. Cookies are small text files that can be used by websites to make the user experience more efficient.<\/p>\n<p>The GDPR law of May 25, 2018, stipulates that we can only store cookies on your device if they are strictly necessary for the operation of this site. For all other types of cookies, we need your permission.<\/p>\n<p>This site uses different types of cookies, some placed by third-party services that appear on our pages.<\/p>\n<p>Your consent applies to the following domain: www.mangrose.fr<\/p>\n\t\t\t\t\t\t\t\t<\/div>\n\t\t\t\t<\/div>\n\t\t\t\t\t<\/div>\n\t\t\t\t<\/section>\n\t\t\t\t<\/div>\n\t\t","protected":false},"excerpt":{"rendered":"<p>1. OWNERSHIP Sole proprietorship, EI Bertrand Lacaze \/ MANGROSE SIRET 509 299 889 00055 NAF \/ APE Code 47.91B 2. DESIGN AND DEVELOPMENT EENOVSAS with a capital of \u20ac50,00025 Rue Marcel IssartierBusiness Center Aeroparc33700 MERIGNACFRANCE Phone: 05.57.53.02.31Email: contact@eenov.com RCS Bordeaux B 479 022 386NAF code 6201ZSIRET 479 022 386 00037 3. SITE HOSTING OVHHeadquarters: 2 [&hellip;]<\/p>\n","protected":false},"author":1,"featured_media":0,"parent":0,"menu_order":0,"comment_status":"closed","ping_status":"closed","template":"","meta":{"_acf_changed":false,"inline_featured_image":false,"footnotes":""},"folder":[],"class_list":["post-4933","page","type-page","status-publish","hentry"],"acf":[],"featured_image_src":null,"yoast_head":"<!-- This site is optimized with the Yoast SEO plugin v27.3 - https:\/\/yoast.com\/product\/yoast-seo-wordpress\/ -->\n<title>Legal Notice | Mangrose<\/title>\n<meta name=\"robots\" content=\"index, follow, max-snippet:-1, max-image-preview:large, max-video-preview:-1\" \/>\n<link rel=\"canonical\" href=\"https:\/\/mangrose.fr\/en\/legal-notice\/\" \/>\n<meta property=\"og:locale\" content=\"en_US\" \/>\n<meta property=\"og:type\" content=\"article\" \/>\n<meta property=\"og:title\" content=\"Legal Notice | Mangrose\" \/>\n<meta property=\"og:description\" content=\"1. OWNERSHIP Sole proprietorship, EI Bertrand Lacaze \/ MANGROSE SIRET 509 299 889 00055 NAF \/ APE Code 47.91B 2. DESIGN AND DEVELOPMENT EENOVSAS with a capital of \u20ac50,00025 Rue Marcel IssartierBusiness Center Aeroparc33700 MERIGNACFRANCE Phone: 05.57.53.02.31Email: contact@eenov.com RCS Bordeaux B 479 022 386NAF code 6201ZSIRET 479 022 386 00037 3. SITE HOSTING OVHHeadquarters: 2 [&hellip;]\" \/>\n<meta property=\"og:url\" content=\"https:\/\/mangrose.fr\/en\/legal-notice\/\" \/>\n<meta property=\"og:site_name\" content=\"Mangrose\" \/>\n<meta property=\"article:publisher\" content=\"https:\/\/www.facebook.com\/profile.php?id=61561191892048\" \/>\n<meta property=\"article:modified_time\" content=\"2024-07-03T07:19:17+00:00\" \/>\n<meta property=\"og:image\" content=\"https:\/\/mangrose.fr\/wp-content\/uploads\/pexels-theplanetspeaks-11635487.jpg\" \/>\n\t<meta property=\"og:image:width\" content=\"1920\" \/>\n\t<meta property=\"og:image:height\" content=\"1280\" \/>\n\t<meta property=\"og:image:type\" content=\"image\/jpeg\" \/>\n<meta name=\"twitter:card\" content=\"summary_large_image\" \/>\n<meta name=\"twitter:label1\" content=\"Est. reading time\" \/>\n\t<meta name=\"twitter:data1\" content=\"2 minutes\" \/>\n<script type=\"application\/ld+json\" class=\"yoast-schema-graph\">{\"@context\":\"https:\\\/\\\/schema.org\",\"@graph\":[{\"@type\":\"WebPage\",\"@id\":\"https:\\\/\\\/mangrose.fr\\\/en\\\/legal-notice\\\/\",\"url\":\"https:\\\/\\\/mangrose.fr\\\/en\\\/legal-notice\\\/\",\"name\":\"Legal Notice | Mangrose\",\"isPartOf\":{\"@id\":\"https:\\\/\\\/mangrose.fr\\\/en\\\/#website\"},\"datePublished\":\"2023-04-26T09:49:31+00:00\",\"dateModified\":\"2024-07-03T07:19:17+00:00\",\"breadcrumb\":{\"@id\":\"https:\\\/\\\/mangrose.fr\\\/en\\\/legal-notice\\\/#breadcrumb\"},\"inLanguage\":\"en-US\",\"potentialAction\":[{\"@type\":\"ReadAction\",\"target\":[\"https:\\\/\\\/mangrose.fr\\\/en\\\/legal-notice\\\/\"]}]},{\"@type\":\"BreadcrumbList\",\"@id\":\"https:\\\/\\\/mangrose.fr\\\/en\\\/legal-notice\\\/#breadcrumb\",\"itemListElement\":[{\"@type\":\"ListItem\",\"position\":1,\"name\":\"Accueil\",\"item\":\"https:\\\/\\\/mangrose.fr\\\/en\\\/\"},{\"@type\":\"ListItem\",\"position\":2,\"name\":\"Legal Notice\"}]},{\"@type\":\"WebSite\",\"@id\":\"https:\\\/\\\/mangrose.fr\\\/en\\\/#website\",\"url\":\"https:\\\/\\\/mangrose.fr\\\/en\\\/\",\"name\":\"Mangrose\",\"description\":\"Une marque de mode engag\u00e9e et inspir\u00e9e par la biodiversit\u00e9\",\"publisher\":{\"@id\":\"https:\\\/\\\/mangrose.fr\\\/en\\\/#organization\"},\"alternateName\":\"Mangrose\",\"potentialAction\":[{\"@type\":\"SearchAction\",\"target\":{\"@type\":\"EntryPoint\",\"urlTemplate\":\"https:\\\/\\\/mangrose.fr\\\/en\\\/?s={search_term_string}\"},\"query-input\":{\"@type\":\"PropertyValueSpecification\",\"valueRequired\":true,\"valueName\":\"search_term_string\"}}],\"inLanguage\":\"en-US\"},{\"@type\":\"Organization\",\"@id\":\"https:\\\/\\\/mangrose.fr\\\/en\\\/#organization\",\"name\":\"Mangrose\",\"alternateName\":\"Mangrose\",\"url\":\"https:\\\/\\\/mangrose.fr\\\/en\\\/\",\"logo\":{\"@type\":\"ImageObject\",\"inLanguage\":\"en-US\",\"@id\":\"https:\\\/\\\/mangrose.fr\\\/en\\\/#\\\/schema\\\/logo\\\/image\\\/\",\"url\":\"https:\\\/\\\/mangrose.fr\\\/wp-content\\\/uploads\\\/logo-mangrose.svg\",\"contentUrl\":\"https:\\\/\\\/mangrose.fr\\\/wp-content\\\/uploads\\\/logo-mangrose.svg\",\"width\":224,\"height\":82,\"caption\":\"Mangrose\"},\"image\":{\"@id\":\"https:\\\/\\\/mangrose.fr\\\/en\\\/#\\\/schema\\\/logo\\\/image\\\/\"},\"sameAs\":[\"https:\\\/\\\/www.facebook.com\\\/profile.php?id=61561191892048\"]}]}<\/script>\n<!-- \/ Yoast SEO plugin. -->","yoast_head_json":{"title":"Legal Notice | Mangrose","robots":{"index":"index","follow":"follow","max-snippet":"max-snippet:-1","max-image-preview":"max-image-preview:large","max-video-preview":"max-video-preview:-1"},"canonical":"https:\/\/mangrose.fr\/en\/legal-notice\/","og_locale":"en_US","og_type":"article","og_title":"Legal Notice | Mangrose","og_description":"1. OWNERSHIP Sole proprietorship, EI Bertrand Lacaze \/ MANGROSE SIRET 509 299 889 00055 NAF \/ APE Code 47.91B 2. DESIGN AND DEVELOPMENT EENOVSAS with a capital of \u20ac50,00025 Rue Marcel IssartierBusiness Center Aeroparc33700 MERIGNACFRANCE Phone: 05.57.53.02.31Email: contact@eenov.com RCS Bordeaux B 479 022 386NAF code 6201ZSIRET 479 022 386 00037 3. SITE HOSTING OVHHeadquarters: 2 [&hellip;]","og_url":"https:\/\/mangrose.fr\/en\/legal-notice\/","og_site_name":"Mangrose","article_publisher":"https:\/\/www.facebook.com\/profile.php?id=61561191892048","article_modified_time":"2024-07-03T07:19:17+00:00","og_image":[{"width":1920,"height":1280,"url":"https:\/\/mangrose.fr\/wp-content\/uploads\/pexels-theplanetspeaks-11635487.jpg","type":"image\/jpeg"}],"twitter_card":"summary_large_image","twitter_misc":{"Est. reading time":"2 minutes"},"schema":{"@context":"https:\/\/schema.org","@graph":[{"@type":"WebPage","@id":"https:\/\/mangrose.fr\/en\/legal-notice\/","url":"https:\/\/mangrose.fr\/en\/legal-notice\/","name":"Legal Notice | Mangrose","isPartOf":{"@id":"https:\/\/mangrose.fr\/en\/#website"},"datePublished":"2023-04-26T09:49:31+00:00","dateModified":"2024-07-03T07:19:17+00:00","breadcrumb":{"@id":"https:\/\/mangrose.fr\/en\/legal-notice\/#breadcrumb"},"inLanguage":"en-US","potentialAction":[{"@type":"ReadAction","target":["https:\/\/mangrose.fr\/en\/legal-notice\/"]}]},{"@type":"BreadcrumbList","@id":"https:\/\/mangrose.fr\/en\/legal-notice\/#breadcrumb","itemListElement":[{"@type":"ListItem","position":1,"name":"Accueil","item":"https:\/\/mangrose.fr\/en\/"},{"@type":"ListItem","position":2,"name":"Legal Notice"}]},{"@type":"WebSite","@id":"https:\/\/mangrose.fr\/en\/#website","url":"https:\/\/mangrose.fr\/en\/","name":"Mangrose","description":"Une marque de mode engag\u00e9e et inspir\u00e9e par la biodiversit\u00e9","publisher":{"@id":"https:\/\/mangrose.fr\/en\/#organization"},"alternateName":"Mangrose","potentialAction":[{"@type":"SearchAction","target":{"@type":"EntryPoint","urlTemplate":"https:\/\/mangrose.fr\/en\/?s={search_term_string}"},"query-input":{"@type":"PropertyValueSpecification","valueRequired":true,"valueName":"search_term_string"}}],"inLanguage":"en-US"},{"@type":"Organization","@id":"https:\/\/mangrose.fr\/en\/#organization","name":"Mangrose","alternateName":"Mangrose","url":"https:\/\/mangrose.fr\/en\/","logo":{"@type":"ImageObject","inLanguage":"en-US","@id":"https:\/\/mangrose.fr\/en\/#\/schema\/logo\/image\/","url":"https:\/\/mangrose.fr\/wp-content\/uploads\/logo-mangrose.svg","contentUrl":"https:\/\/mangrose.fr\/wp-content\/uploads\/logo-mangrose.svg","width":224,"height":82,"caption":"Mangrose"},"image":{"@id":"https:\/\/mangrose.fr\/en\/#\/schema\/logo\/image\/"},"sameAs":["https:\/\/www.facebook.com\/profile.php?id=61561191892048"]}]}},"_links":{"self":[{"href":"https:\/\/mangrose.fr\/en\/wp-json\/wp\/v2\/pages\/4933","targetHints":{"allow":["GET"]}}],"collection":[{"href":"https:\/\/mangrose.fr\/en\/wp-json\/wp\/v2\/pages"}],"about":[{"href":"https:\/\/mangrose.fr\/en\/wp-json\/wp\/v2\/types\/page"}],"author":[{"embeddable":true,"href":"https:\/\/mangrose.fr\/en\/wp-json\/wp\/v2\/users\/1"}],"replies":[{"embeddable":true,"href":"https:\/\/mangrose.fr\/en\/wp-json\/wp\/v2\/comments?post=4933"}],"version-history":[{"count":2,"href":"https:\/\/mangrose.fr\/en\/wp-json\/wp\/v2\/pages\/4933\/revisions"}],"predecessor-version":[{"id":4944,"href":"https:\/\/mangrose.fr\/en\/wp-json\/wp\/v2\/pages\/4933\/revisions\/4944"}],"wp:attachment":[{"href":"https:\/\/mangrose.fr\/en\/wp-json\/wp\/v2\/media?parent=4933"}],"wp:term":[{"taxonomy":"folder","embeddable":true,"href":"https:\/\/mangrose.fr\/en\/wp-json\/wp\/v2\/folder?post=4933"}],"curies":[{"name":"wp","href":"https:\/\/api.w.org\/{rel}","templated":true}]}}