{"id":6248,"date":"2025-08-15T14:54:17","date_gmt":"2025-08-15T12:54:17","guid":{"rendered":"https:\/\/mangrose.fr\/?post_type=product&#038;p=6248"},"modified":"2025-09-04T18:13:08","modified_gmt":"2025-09-04T16:13:08","slug":"organic-cotton-t-shirt-in-rose-mangrose-logo-copie-copie-copie-2","status":"publish","type":"product","link":"https:\/\/mangrose.fr\/en\/collections\/organic-cotton-t-shirt-in-rose-mangrose-logo-copie-copie-copie-2\/","title":{"rendered":"Off-white organic cotton T-shirt with Cap Ferret logo"},"content":{"rendered":"<p>Medium fit<br \/>\nSimple jersey<\/p>\n","protected":false},"excerpt":{"rendered":"<p>Tshirt in organic cotton<br \/>\nMANGROSE LOGO Digital transfer<\/p>\n","protected":false},"featured_media":7424,"template":"","meta":{"_acf_changed":false,"inline_featured_image":false},"product_brand":[],"product_cat":[80],"product_tag":[118],"class_list":{"0":"post-6248","1":"product","2":"type-product","3":"status-publish","4":"has-post-thumbnail","6":"product_cat-tshirt-en","7":"product_tag-cap-ferret-logo","9":"first","10":"instock","11":"purchasable","12":"product-type-variable"},"acf":[],"yoast_head":"<!-- This site is optimized with the Yoast SEO plugin v27.3 - https:\/\/yoast.com\/product\/yoast-seo-wordpress\/ -->\n<title>Organic cotton Off white t shirt with Cap Ferret logo<\/title>\n<meta name=\"description\" content=\"Mangrove organic T-shirt with Cap Ferret logo. Unique design featuring a lighthouse, pine forest, sea and the legend of the golden goat. Eco-friendly fashion made in Europe.\" \/>\n<meta name=\"robots\" content=\"index, follow, max-snippet:-1, max-image-preview:large, max-video-preview:-1\" \/>\n<link rel=\"canonical\" href=\"https:\/\/mangrose.fr\/en\/collections\/organic-cotton-t-shirt-in-rose-mangrose-logo-copie-copie-copie-2\/\" \/>\n<meta property=\"og:locale\" content=\"en_US\" \/>\n<meta property=\"og:type\" content=\"article\" \/>\n<meta property=\"og:title\" content=\"Organic cotton Off white t shirt with Cap Ferret logo\" \/>\n<meta property=\"og:description\" content=\"Mangrove organic T-shirt with Cap Ferret logo. Unique design featuring a lighthouse, pine forest, sea and the legend of the golden goat. Eco-friendly fashion made in Europe.\" \/>\n<meta property=\"og:url\" content=\"https:\/\/mangrose.fr\/en\/collections\/organic-cotton-t-shirt-in-rose-mangrose-logo-copie-copie-copie-2\/\" \/>\n<meta property=\"og:site_name\" content=\"Mangrose\" \/>\n<meta property=\"article:publisher\" content=\"https:\/\/www.facebook.com\/profile.php?id=61561191892048\" \/>\n<meta property=\"article:modified_time\" content=\"2025-09-04T16:13:08+00:00\" \/>\n<meta property=\"og:image\" content=\"https:\/\/mangrose.fr\/wp-content\/uploads\/TLOGCAPOFF.jpg\" \/>\n\t<meta property=\"og:image:width\" content=\"1357\" \/>\n\t<meta property=\"og:image:height\" content=\"1809\" \/>\n\t<meta property=\"og:image:type\" content=\"image\/jpeg\" \/>\n<meta name=\"twitter:card\" content=\"summary_large_image\" \/>\n<meta name=\"twitter:label1\" content=\"Est. reading time\" \/>\n\t<meta name=\"twitter:data1\" content=\"1 minute\" \/>\n<script type=\"application\/ld+json\" class=\"yoast-schema-graph\">{\"@context\":\"https:\\\/\\\/schema.org\",\"@graph\":[{\"@type\":\"WebPage\",\"@id\":\"https:\\\/\\\/mangrose.fr\\\/en\\\/collections\\\/organic-cotton-t-shirt-in-rose-mangrose-logo-copie-copie-copie-2\\\/\",\"url\":\"https:\\\/\\\/mangrose.fr\\\/en\\\/collections\\\/organic-cotton-t-shirt-in-rose-mangrose-logo-copie-copie-copie-2\\\/\",\"name\":\"Organic cotton Off white t shirt with Cap Ferret logo\",\"isPartOf\":{\"@id\":\"https:\\\/\\\/mangrose.fr\\\/en\\\/#website\"},\"primaryImageOfPage\":{\"@id\":\"https:\\\/\\\/mangrose.fr\\\/en\\\/collections\\\/organic-cotton-t-shirt-in-rose-mangrose-logo-copie-copie-copie-2\\\/#primaryimage\"},\"image\":{\"@id\":\"https:\\\/\\\/mangrose.fr\\\/en\\\/collections\\\/organic-cotton-t-shirt-in-rose-mangrose-logo-copie-copie-copie-2\\\/#primaryimage\"},\"thumbnailUrl\":\"https:\\\/\\\/mangrose.fr\\\/wp-content\\\/uploads\\\/TSHIRT-LOGO-CAP-FERRET-LGT.jpg\",\"datePublished\":\"2025-08-15T12:54:17+00:00\",\"dateModified\":\"2025-09-04T16:13:08+00:00\",\"description\":\"Mangrove organic T-shirt with Cap Ferret logo. Unique design featuring a lighthouse, pine forest, sea and the legend of the golden goat. Eco-friendly fashion made in Europe.\",\"breadcrumb\":{\"@id\":\"https:\\\/\\\/mangrose.fr\\\/en\\\/collections\\\/organic-cotton-t-shirt-in-rose-mangrose-logo-copie-copie-copie-2\\\/#breadcrumb\"},\"inLanguage\":\"en-US\",\"potentialAction\":[{\"@type\":\"ReadAction\",\"target\":[\"https:\\\/\\\/mangrose.fr\\\/en\\\/collections\\\/organic-cotton-t-shirt-in-rose-mangrose-logo-copie-copie-copie-2\\\/\"]}]},{\"@type\":\"ImageObject\",\"inLanguage\":\"en-US\",\"@id\":\"https:\\\/\\\/mangrose.fr\\\/en\\\/collections\\\/organic-cotton-t-shirt-in-rose-mangrose-logo-copie-copie-copie-2\\\/#primaryimage\",\"url\":\"https:\\\/\\\/mangrose.fr\\\/wp-content\\\/uploads\\\/TSHIRT-LOGO-CAP-FERRET-LGT.jpg\",\"contentUrl\":\"https:\\\/\\\/mangrose.fr\\\/wp-content\\\/uploads\\\/TSHIRT-LOGO-CAP-FERRET-LGT.jpg\",\"width\":1206,\"height\":1809},{\"@type\":\"BreadcrumbList\",\"@id\":\"https:\\\/\\\/mangrose.fr\\\/en\\\/collections\\\/organic-cotton-t-shirt-in-rose-mangrose-logo-copie-copie-copie-2\\\/#breadcrumb\",\"itemListElement\":[{\"@type\":\"ListItem\",\"position\":1,\"name\":\"Accueil\",\"item\":\"https:\\\/\\\/mangrose.fr\\\/en\\\/\"},{\"@type\":\"ListItem\",\"position\":2,\"name\":\"Collection\",\"item\":\"https:\\\/\\\/mangrose.fr\\\/en\\\/collections\\\/\"},{\"@type\":\"ListItem\",\"position\":3,\"name\":\"Off-white organic cotton T-shirt with Cap Ferret logo\"}]},{\"@type\":\"WebSite\",\"@id\":\"https:\\\/\\\/mangrose.fr\\\/en\\\/#website\",\"url\":\"https:\\\/\\\/mangrose.fr\\\/en\\\/\",\"name\":\"Mangrose\",\"description\":\"Une marque de mode engag\u00e9e et inspir\u00e9e par la biodiversit\u00e9\",\"publisher\":{\"@id\":\"https:\\\/\\\/mangrose.fr\\\/en\\\/#organization\"},\"alternateName\":\"Mangrose\",\"potentialAction\":[{\"@type\":\"SearchAction\",\"target\":{\"@type\":\"EntryPoint\",\"urlTemplate\":\"https:\\\/\\\/mangrose.fr\\\/en\\\/?s={search_term_string}\"},\"query-input\":{\"@type\":\"PropertyValueSpecification\",\"valueRequired\":true,\"valueName\":\"search_term_string\"}}],\"inLanguage\":\"en-US\"},{\"@type\":\"Organization\",\"@id\":\"https:\\\/\\\/mangrose.fr\\\/en\\\/#organization\",\"name\":\"Mangrose\",\"alternateName\":\"Mangrose\",\"url\":\"https:\\\/\\\/mangrose.fr\\\/en\\\/\",\"logo\":{\"@type\":\"ImageObject\",\"inLanguage\":\"en-US\",\"@id\":\"https:\\\/\\\/mangrose.fr\\\/en\\\/#\\\/schema\\\/logo\\\/image\\\/\",\"url\":\"https:\\\/\\\/mangrose.fr\\\/wp-content\\\/uploads\\\/logo-mangrose.svg\",\"contentUrl\":\"https:\\\/\\\/mangrose.fr\\\/wp-content\\\/uploads\\\/logo-mangrose.svg\",\"width\":224,\"height\":82,\"caption\":\"Mangrose\"},\"image\":{\"@id\":\"https:\\\/\\\/mangrose.fr\\\/en\\\/#\\\/schema\\\/logo\\\/image\\\/\"},\"sameAs\":[\"https:\\\/\\\/www.facebook.com\\\/profile.php?id=61561191892048\"]}]}<\/script>\n<!-- \/ Yoast SEO plugin. -->","yoast_head_json":{"title":"Organic cotton Off white t shirt with Cap Ferret logo","description":"Mangrove organic T-shirt with Cap Ferret logo. Unique design featuring a lighthouse, pine forest, sea and the legend of the golden goat. Eco-friendly fashion made in Europe.","robots":{"index":"index","follow":"follow","max-snippet":"max-snippet:-1","max-image-preview":"max-image-preview:large","max-video-preview":"max-video-preview:-1"},"canonical":"https:\/\/mangrose.fr\/en\/collections\/organic-cotton-t-shirt-in-rose-mangrose-logo-copie-copie-copie-2\/","og_locale":"en_US","og_type":"article","og_title":"Organic cotton Off white t shirt with Cap Ferret logo","og_description":"Mangrove organic T-shirt with Cap Ferret logo. Unique design featuring a lighthouse, pine forest, sea and the legend of the golden goat. Eco-friendly fashion made in Europe.","og_url":"https:\/\/mangrose.fr\/en\/collections\/organic-cotton-t-shirt-in-rose-mangrose-logo-copie-copie-copie-2\/","og_site_name":"Mangrose","article_publisher":"https:\/\/www.facebook.com\/profile.php?id=61561191892048","article_modified_time":"2025-09-04T16:13:08+00:00","og_image":[{"width":1357,"height":1809,"url":"https:\/\/mangrose.fr\/wp-content\/uploads\/TLOGCAPOFF.jpg","type":"image\/jpeg"}],"twitter_card":"summary_large_image","twitter_misc":{"Est. reading time":"1 minute"},"schema":{"@context":"https:\/\/schema.org","@graph":[{"@type":"WebPage","@id":"https:\/\/mangrose.fr\/en\/collections\/organic-cotton-t-shirt-in-rose-mangrose-logo-copie-copie-copie-2\/","url":"https:\/\/mangrose.fr\/en\/collections\/organic-cotton-t-shirt-in-rose-mangrose-logo-copie-copie-copie-2\/","name":"Organic cotton Off white t shirt with Cap Ferret logo","isPartOf":{"@id":"https:\/\/mangrose.fr\/en\/#website"},"primaryImageOfPage":{"@id":"https:\/\/mangrose.fr\/en\/collections\/organic-cotton-t-shirt-in-rose-mangrose-logo-copie-copie-copie-2\/#primaryimage"},"image":{"@id":"https:\/\/mangrose.fr\/en\/collections\/organic-cotton-t-shirt-in-rose-mangrose-logo-copie-copie-copie-2\/#primaryimage"},"thumbnailUrl":"https:\/\/mangrose.fr\/wp-content\/uploads\/TSHIRT-LOGO-CAP-FERRET-LGT.jpg","datePublished":"2025-08-15T12:54:17+00:00","dateModified":"2025-09-04T16:13:08+00:00","description":"Mangrove organic T-shirt with Cap Ferret logo. Unique design featuring a lighthouse, pine forest, sea and the legend of the golden goat. Eco-friendly fashion made in Europe.","breadcrumb":{"@id":"https:\/\/mangrose.fr\/en\/collections\/organic-cotton-t-shirt-in-rose-mangrose-logo-copie-copie-copie-2\/#breadcrumb"},"inLanguage":"en-US","potentialAction":[{"@type":"ReadAction","target":["https:\/\/mangrose.fr\/en\/collections\/organic-cotton-t-shirt-in-rose-mangrose-logo-copie-copie-copie-2\/"]}]},{"@type":"ImageObject","inLanguage":"en-US","@id":"https:\/\/mangrose.fr\/en\/collections\/organic-cotton-t-shirt-in-rose-mangrose-logo-copie-copie-copie-2\/#primaryimage","url":"https:\/\/mangrose.fr\/wp-content\/uploads\/TSHIRT-LOGO-CAP-FERRET-LGT.jpg","contentUrl":"https:\/\/mangrose.fr\/wp-content\/uploads\/TSHIRT-LOGO-CAP-FERRET-LGT.jpg","width":1206,"height":1809},{"@type":"BreadcrumbList","@id":"https:\/\/mangrose.fr\/en\/collections\/organic-cotton-t-shirt-in-rose-mangrose-logo-copie-copie-copie-2\/#breadcrumb","itemListElement":[{"@type":"ListItem","position":1,"name":"Accueil","item":"https:\/\/mangrose.fr\/en\/"},{"@type":"ListItem","position":2,"name":"Collection","item":"https:\/\/mangrose.fr\/en\/collections\/"},{"@type":"ListItem","position":3,"name":"Off-white organic cotton T-shirt with Cap Ferret logo"}]},{"@type":"WebSite","@id":"https:\/\/mangrose.fr\/en\/#website","url":"https:\/\/mangrose.fr\/en\/","name":"Mangrose","description":"Une marque de mode engag\u00e9e et inspir\u00e9e par la biodiversit\u00e9","publisher":{"@id":"https:\/\/mangrose.fr\/en\/#organization"},"alternateName":"Mangrose","potentialAction":[{"@type":"SearchAction","target":{"@type":"EntryPoint","urlTemplate":"https:\/\/mangrose.fr\/en\/?s={search_term_string}"},"query-input":{"@type":"PropertyValueSpecification","valueRequired":true,"valueName":"search_term_string"}}],"inLanguage":"en-US"},{"@type":"Organization","@id":"https:\/\/mangrose.fr\/en\/#organization","name":"Mangrose","alternateName":"Mangrose","url":"https:\/\/mangrose.fr\/en\/","logo":{"@type":"ImageObject","inLanguage":"en-US","@id":"https:\/\/mangrose.fr\/en\/#\/schema\/logo\/image\/","url":"https:\/\/mangrose.fr\/wp-content\/uploads\/logo-mangrose.svg","contentUrl":"https:\/\/mangrose.fr\/wp-content\/uploads\/logo-mangrose.svg","width":224,"height":82,"caption":"Mangrose"},"image":{"@id":"https:\/\/mangrose.fr\/en\/#\/schema\/logo\/image\/"},"sameAs":["https:\/\/www.facebook.com\/profile.php?id=61561191892048"]}]}},"_links":{"self":[{"href":"https:\/\/mangrose.fr\/en\/wp-json\/wp\/v2\/product\/6248","targetHints":{"allow":["GET"]}}],"collection":[{"href":"https:\/\/mangrose.fr\/en\/wp-json\/wp\/v2\/product"}],"about":[{"href":"https:\/\/mangrose.fr\/en\/wp-json\/wp\/v2\/types\/product"}],"version-history":[{"count":2,"href":"https:\/\/mangrose.fr\/en\/wp-json\/wp\/v2\/product\/6248\/revisions"}],"predecessor-version":[{"id":6301,"href":"https:\/\/mangrose.fr\/en\/wp-json\/wp\/v2\/product\/6248\/revisions\/6301"}],"wp:featuredmedia":[{"embeddable":true,"href":"https:\/\/mangrose.fr\/en\/wp-json\/wp\/v2\/media\/7424"}],"wp:attachment":[{"href":"https:\/\/mangrose.fr\/en\/wp-json\/wp\/v2\/media?parent=6248"}],"wp:term":[{"taxonomy":"product_brand","embeddable":true,"href":"https:\/\/mangrose.fr\/en\/wp-json\/wp\/v2\/product_brand?post=6248"},{"taxonomy":"product_cat","embeddable":true,"href":"https:\/\/mangrose.fr\/en\/wp-json\/wp\/v2\/product_cat?post=6248"},{"taxonomy":"product_tag","embeddable":true,"href":"https:\/\/mangrose.fr\/en\/wp-json\/wp\/v2\/product_tag?post=6248"}],"curies":[{"name":"wp","href":"https:\/\/api.w.org\/{rel}","templated":true}]}}