{"id":6378,"date":"2025-10-10T16:22:09","date_gmt":"2025-10-10T14:22:09","guid":{"rendered":"https:\/\/mangrose.fr\/?post_type=product&#038;p=6378"},"modified":"2025-12-01T11:33:23","modified_gmt":"2025-12-01T10:33:23","slug":"organic-cotton-t-shirt-in-off-white-with-multicolor-bee","status":"publish","type":"product","link":"https:\/\/mangrose.fr\/en\/collections\/organic-cotton-t-shirt-in-off-white-with-multicolor-bee\/","title":{"rendered":"Organic cotton T-shirt in white with Mini multicolor bee"},"content":{"rendered":"<p>Medium fit<br \/>\nSimple jersey<\/p>\n","protected":false},"excerpt":{"rendered":"<p>Tshirt in organic cotton<br \/>\nMulticolored bee transfer<\/p>\n","protected":false},"featured_media":6817,"template":"","meta":{"_acf_changed":false,"inline_featured_image":false},"product_brand":[],"product_cat":[80],"product_tag":[121],"class_list":{"0":"post-6378","1":"product","2":"type-product","3":"status-publish","4":"has-post-thumbnail","6":"product_cat-tshirt-en","7":"product_tag-bee-line-en","9":"first","10":"instock","11":"purchasable","12":"product-type-variable"},"acf":[],"yoast_head":"<!-- This site is optimized with the Yoast SEO plugin v27.3 - https:\/\/yoast.com\/product\/yoast-seo-wordpress\/ -->\n<title>White organic cotton T-shirt - Bee Original design - Made in Europe | Mangrose<\/title>\n<meta name=\"description\" content=\"Certified organic cotton T-shirt, soft and durable. Mangrose Bee Unique design, ethically produced in Europe - Every purchase supports bees protection\" \/>\n<meta name=\"robots\" content=\"index, follow, max-snippet:-1, max-image-preview:large, max-video-preview:-1\" \/>\n<link rel=\"canonical\" href=\"https:\/\/mangrose.fr\/en\/collections\/organic-cotton-t-shirt-in-off-white-with-multicolor-bee\/\" \/>\n<meta property=\"og:locale\" content=\"en_US\" \/>\n<meta property=\"og:type\" content=\"article\" \/>\n<meta property=\"og:title\" content=\"White organic cotton T-shirt - Bee Original design - Made in Europe | Mangrose\" \/>\n<meta property=\"og:description\" content=\"Certified organic cotton T-shirt, soft and durable. Mangrose Bee Unique design, ethically produced in Europe - Every purchase supports bees protection\" \/>\n<meta property=\"og:url\" content=\"https:\/\/mangrose.fr\/en\/collections\/organic-cotton-t-shirt-in-off-white-with-multicolor-bee\/\" \/>\n<meta property=\"og:site_name\" content=\"Mangrose\" \/>\n<meta property=\"article:publisher\" content=\"https:\/\/www.facebook.com\/profile.php?id=61561191892048\" \/>\n<meta property=\"article:modified_time\" content=\"2025-12-01T10:33:23+00:00\" \/>\n<meta property=\"og:image\" content=\"https:\/\/mangrose.fr\/wp-content\/uploads\/TMINIBEEOFF.jpg\" \/>\n\t<meta property=\"og:image:width\" content=\"1206\" \/>\n\t<meta property=\"og:image:height\" content=\"1809\" \/>\n\t<meta property=\"og:image:type\" content=\"image\/jpeg\" \/>\n<meta name=\"twitter:card\" content=\"summary_large_image\" \/>\n<meta name=\"twitter:label1\" content=\"Est. reading time\" \/>\n\t<meta name=\"twitter:data1\" content=\"1 minute\" \/>\n<script type=\"application\/ld+json\" class=\"yoast-schema-graph\">{\"@context\":\"https:\\\/\\\/schema.org\",\"@graph\":[{\"@type\":\"WebPage\",\"@id\":\"https:\\\/\\\/mangrose.fr\\\/en\\\/collections\\\/organic-cotton-t-shirt-in-off-white-with-multicolor-bee\\\/\",\"url\":\"https:\\\/\\\/mangrose.fr\\\/en\\\/collections\\\/organic-cotton-t-shirt-in-off-white-with-multicolor-bee\\\/\",\"name\":\"White organic cotton T-shirt - Bee Original design - Made in Europe | Mangrose\",\"isPartOf\":{\"@id\":\"https:\\\/\\\/mangrose.fr\\\/en\\\/#website\"},\"primaryImageOfPage\":{\"@id\":\"https:\\\/\\\/mangrose.fr\\\/en\\\/collections\\\/organic-cotton-t-shirt-in-off-white-with-multicolor-bee\\\/#primaryimage\"},\"image\":{\"@id\":\"https:\\\/\\\/mangrose.fr\\\/en\\\/collections\\\/organic-cotton-t-shirt-in-off-white-with-multicolor-bee\\\/#primaryimage\"},\"thumbnailUrl\":\"https:\\\/\\\/mangrose.fr\\\/wp-content\\\/uploads\\\/TMINIBEEOFF.jpg\",\"datePublished\":\"2025-10-10T14:22:09+00:00\",\"dateModified\":\"2025-12-01T10:33:23+00:00\",\"description\":\"Certified organic cotton T-shirt, soft and durable. Mangrose Bee Unique design, ethically produced in Europe - Every purchase supports bees protection\",\"breadcrumb\":{\"@id\":\"https:\\\/\\\/mangrose.fr\\\/en\\\/collections\\\/organic-cotton-t-shirt-in-off-white-with-multicolor-bee\\\/#breadcrumb\"},\"inLanguage\":\"en-US\",\"potentialAction\":[{\"@type\":\"ReadAction\",\"target\":[\"https:\\\/\\\/mangrose.fr\\\/en\\\/collections\\\/organic-cotton-t-shirt-in-off-white-with-multicolor-bee\\\/\"]}]},{\"@type\":\"ImageObject\",\"inLanguage\":\"en-US\",\"@id\":\"https:\\\/\\\/mangrose.fr\\\/en\\\/collections\\\/organic-cotton-t-shirt-in-off-white-with-multicolor-bee\\\/#primaryimage\",\"url\":\"https:\\\/\\\/mangrose.fr\\\/wp-content\\\/uploads\\\/TMINIBEEOFF.jpg\",\"contentUrl\":\"https:\\\/\\\/mangrose.fr\\\/wp-content\\\/uploads\\\/TMINIBEEOFF.jpg\",\"width\":1206,\"height\":1809,\"caption\":\"T-shirt blanc en coton bio avec petite abeille S\u00e9rie limit\u00e9e Design unique Mangrose Made in Europe\"},{\"@type\":\"BreadcrumbList\",\"@id\":\"https:\\\/\\\/mangrose.fr\\\/en\\\/collections\\\/organic-cotton-t-shirt-in-off-white-with-multicolor-bee\\\/#breadcrumb\",\"itemListElement\":[{\"@type\":\"ListItem\",\"position\":1,\"name\":\"Accueil\",\"item\":\"https:\\\/\\\/mangrose.fr\\\/en\\\/\"},{\"@type\":\"ListItem\",\"position\":2,\"name\":\"Collection\",\"item\":\"https:\\\/\\\/mangrose.fr\\\/en\\\/collections\\\/\"},{\"@type\":\"ListItem\",\"position\":3,\"name\":\"Organic cotton T-shirt in white with Mini multicolor bee\"}]},{\"@type\":\"WebSite\",\"@id\":\"https:\\\/\\\/mangrose.fr\\\/en\\\/#website\",\"url\":\"https:\\\/\\\/mangrose.fr\\\/en\\\/\",\"name\":\"Mangrose\",\"description\":\"Une marque de mode engag\u00e9e et inspir\u00e9e par la biodiversit\u00e9\",\"publisher\":{\"@id\":\"https:\\\/\\\/mangrose.fr\\\/en\\\/#organization\"},\"alternateName\":\"Mangrose\",\"potentialAction\":[{\"@type\":\"SearchAction\",\"target\":{\"@type\":\"EntryPoint\",\"urlTemplate\":\"https:\\\/\\\/mangrose.fr\\\/en\\\/?s={search_term_string}\"},\"query-input\":{\"@type\":\"PropertyValueSpecification\",\"valueRequired\":true,\"valueName\":\"search_term_string\"}}],\"inLanguage\":\"en-US\"},{\"@type\":\"Organization\",\"@id\":\"https:\\\/\\\/mangrose.fr\\\/en\\\/#organization\",\"name\":\"Mangrose\",\"alternateName\":\"Mangrose\",\"url\":\"https:\\\/\\\/mangrose.fr\\\/en\\\/\",\"logo\":{\"@type\":\"ImageObject\",\"inLanguage\":\"en-US\",\"@id\":\"https:\\\/\\\/mangrose.fr\\\/en\\\/#\\\/schema\\\/logo\\\/image\\\/\",\"url\":\"https:\\\/\\\/mangrose.fr\\\/wp-content\\\/uploads\\\/logo-mangrose.svg\",\"contentUrl\":\"https:\\\/\\\/mangrose.fr\\\/wp-content\\\/uploads\\\/logo-mangrose.svg\",\"width\":224,\"height\":82,\"caption\":\"Mangrose\"},\"image\":{\"@id\":\"https:\\\/\\\/mangrose.fr\\\/en\\\/#\\\/schema\\\/logo\\\/image\\\/\"},\"sameAs\":[\"https:\\\/\\\/www.facebook.com\\\/profile.php?id=61561191892048\"]}]}<\/script>\n<!-- \/ Yoast SEO plugin. -->","yoast_head_json":{"title":"White organic cotton T-shirt - Bee Original design - Made in Europe | Mangrose","description":"Certified organic cotton T-shirt, soft and durable. Mangrose Bee Unique design, ethically produced in Europe - Every purchase supports bees protection","robots":{"index":"index","follow":"follow","max-snippet":"max-snippet:-1","max-image-preview":"max-image-preview:large","max-video-preview":"max-video-preview:-1"},"canonical":"https:\/\/mangrose.fr\/en\/collections\/organic-cotton-t-shirt-in-off-white-with-multicolor-bee\/","og_locale":"en_US","og_type":"article","og_title":"White organic cotton T-shirt - Bee Original design - Made in Europe | Mangrose","og_description":"Certified organic cotton T-shirt, soft and durable. Mangrose Bee Unique design, ethically produced in Europe - Every purchase supports bees protection","og_url":"https:\/\/mangrose.fr\/en\/collections\/organic-cotton-t-shirt-in-off-white-with-multicolor-bee\/","og_site_name":"Mangrose","article_publisher":"https:\/\/www.facebook.com\/profile.php?id=61561191892048","article_modified_time":"2025-12-01T10:33:23+00:00","og_image":[{"width":1206,"height":1809,"url":"https:\/\/mangrose.fr\/wp-content\/uploads\/TMINIBEEOFF.jpg","type":"image\/jpeg"}],"twitter_card":"summary_large_image","twitter_misc":{"Est. reading time":"1 minute"},"schema":{"@context":"https:\/\/schema.org","@graph":[{"@type":"WebPage","@id":"https:\/\/mangrose.fr\/en\/collections\/organic-cotton-t-shirt-in-off-white-with-multicolor-bee\/","url":"https:\/\/mangrose.fr\/en\/collections\/organic-cotton-t-shirt-in-off-white-with-multicolor-bee\/","name":"White organic cotton T-shirt - Bee Original design - Made in Europe | Mangrose","isPartOf":{"@id":"https:\/\/mangrose.fr\/en\/#website"},"primaryImageOfPage":{"@id":"https:\/\/mangrose.fr\/en\/collections\/organic-cotton-t-shirt-in-off-white-with-multicolor-bee\/#primaryimage"},"image":{"@id":"https:\/\/mangrose.fr\/en\/collections\/organic-cotton-t-shirt-in-off-white-with-multicolor-bee\/#primaryimage"},"thumbnailUrl":"https:\/\/mangrose.fr\/wp-content\/uploads\/TMINIBEEOFF.jpg","datePublished":"2025-10-10T14:22:09+00:00","dateModified":"2025-12-01T10:33:23+00:00","description":"Certified organic cotton T-shirt, soft and durable. Mangrose Bee Unique design, ethically produced in Europe - Every purchase supports bees protection","breadcrumb":{"@id":"https:\/\/mangrose.fr\/en\/collections\/organic-cotton-t-shirt-in-off-white-with-multicolor-bee\/#breadcrumb"},"inLanguage":"en-US","potentialAction":[{"@type":"ReadAction","target":["https:\/\/mangrose.fr\/en\/collections\/organic-cotton-t-shirt-in-off-white-with-multicolor-bee\/"]}]},{"@type":"ImageObject","inLanguage":"en-US","@id":"https:\/\/mangrose.fr\/en\/collections\/organic-cotton-t-shirt-in-off-white-with-multicolor-bee\/#primaryimage","url":"https:\/\/mangrose.fr\/wp-content\/uploads\/TMINIBEEOFF.jpg","contentUrl":"https:\/\/mangrose.fr\/wp-content\/uploads\/TMINIBEEOFF.jpg","width":1206,"height":1809,"caption":"T-shirt blanc en coton bio avec petite abeille S\u00e9rie limit\u00e9e Design unique Mangrose Made in Europe"},{"@type":"BreadcrumbList","@id":"https:\/\/mangrose.fr\/en\/collections\/organic-cotton-t-shirt-in-off-white-with-multicolor-bee\/#breadcrumb","itemListElement":[{"@type":"ListItem","position":1,"name":"Accueil","item":"https:\/\/mangrose.fr\/en\/"},{"@type":"ListItem","position":2,"name":"Collection","item":"https:\/\/mangrose.fr\/en\/collections\/"},{"@type":"ListItem","position":3,"name":"Organic cotton T-shirt in white with Mini multicolor bee"}]},{"@type":"WebSite","@id":"https:\/\/mangrose.fr\/en\/#website","url":"https:\/\/mangrose.fr\/en\/","name":"Mangrose","description":"Une marque de mode engag\u00e9e et inspir\u00e9e par la biodiversit\u00e9","publisher":{"@id":"https:\/\/mangrose.fr\/en\/#organization"},"alternateName":"Mangrose","potentialAction":[{"@type":"SearchAction","target":{"@type":"EntryPoint","urlTemplate":"https:\/\/mangrose.fr\/en\/?s={search_term_string}"},"query-input":{"@type":"PropertyValueSpecification","valueRequired":true,"valueName":"search_term_string"}}],"inLanguage":"en-US"},{"@type":"Organization","@id":"https:\/\/mangrose.fr\/en\/#organization","name":"Mangrose","alternateName":"Mangrose","url":"https:\/\/mangrose.fr\/en\/","logo":{"@type":"ImageObject","inLanguage":"en-US","@id":"https:\/\/mangrose.fr\/en\/#\/schema\/logo\/image\/","url":"https:\/\/mangrose.fr\/wp-content\/uploads\/logo-mangrose.svg","contentUrl":"https:\/\/mangrose.fr\/wp-content\/uploads\/logo-mangrose.svg","width":224,"height":82,"caption":"Mangrose"},"image":{"@id":"https:\/\/mangrose.fr\/en\/#\/schema\/logo\/image\/"},"sameAs":["https:\/\/www.facebook.com\/profile.php?id=61561191892048"]}]}},"_links":{"self":[{"href":"https:\/\/mangrose.fr\/en\/wp-json\/wp\/v2\/product\/6378","targetHints":{"allow":["GET"]}}],"collection":[{"href":"https:\/\/mangrose.fr\/en\/wp-json\/wp\/v2\/product"}],"about":[{"href":"https:\/\/mangrose.fr\/en\/wp-json\/wp\/v2\/types\/product"}],"version-history":[{"count":3,"href":"https:\/\/mangrose.fr\/en\/wp-json\/wp\/v2\/product\/6378\/revisions"}],"predecessor-version":[{"id":7190,"href":"https:\/\/mangrose.fr\/en\/wp-json\/wp\/v2\/product\/6378\/revisions\/7190"}],"wp:featuredmedia":[{"embeddable":true,"href":"https:\/\/mangrose.fr\/en\/wp-json\/wp\/v2\/media\/6817"}],"wp:attachment":[{"href":"https:\/\/mangrose.fr\/en\/wp-json\/wp\/v2\/media?parent=6378"}],"wp:term":[{"taxonomy":"product_brand","embeddable":true,"href":"https:\/\/mangrose.fr\/en\/wp-json\/wp\/v2\/product_brand?post=6378"},{"taxonomy":"product_cat","embeddable":true,"href":"https:\/\/mangrose.fr\/en\/wp-json\/wp\/v2\/product_cat?post=6378"},{"taxonomy":"product_tag","embeddable":true,"href":"https:\/\/mangrose.fr\/en\/wp-json\/wp\/v2\/product_tag?post=6378"}],"curies":[{"name":"wp","href":"https:\/\/api.w.org\/{rel}","templated":true}]}}