{"id":6713,"date":"2025-10-14T16:23:43","date_gmt":"2025-10-14T14:23:43","guid":{"rendered":"https:\/\/mangrose.fr\/?post_type=product&#038;p=6713"},"modified":"2025-10-28T10:08:16","modified_gmt":"2025-10-28T09:08:16","slug":"brown-organic-cotton-t-shirt-with-multicolor-leopard-ray-design","status":"publish","type":"product","link":"https:\/\/mangrose.fr\/en\/collections\/brown-organic-cotton-t-shirt-with-multicolor-leopard-ray-design\/","title":{"rendered":"Chocolate brown Organic cotton T-shirt with LEOPARD RAY design &#038; MANGROSE LOGO"},"content":{"rendered":"<p>Medium fit<br \/>\nSimple jersey<\/p>\n","protected":false},"excerpt":{"rendered":"<p>Tshirt in organic cotton<\/p>\n<p>Mangrose Logo on the front: transfer<\/p>\n<p>Multicolor leopard ray design on the back: digital print<\/p>\n","protected":false},"featured_media":6803,"template":"","meta":{"_acf_changed":false,"inline_featured_image":false},"product_brand":[],"product_cat":[80],"product_tag":[104,126],"class_list":{"0":"post-6713","1":"product","2":"type-product","3":"status-publish","4":"has-post-thumbnail","6":"product_cat-tshirt-en","7":"product_tag-logo-en","8":"product_tag-ray-line-en","10":"first","11":"instock","12":"purchasable","13":"product-type-variable"},"acf":[],"yoast_head":"<!-- This site is optimized with the Yoast SEO plugin v27.3 - https:\/\/yoast.com\/product\/yoast-seo-wordpress\/ -->\n<title>Organic brown cotton T-shirt - Original Ray design Made in Europe | Mangrose<\/title>\n<meta name=\"description\" content=\"Certified organic cotton T-shirt, soft and durable. Mangrose Unique Ray design, ethically made in Europe. Every purchase supports species protection.\" \/>\n<meta name=\"robots\" content=\"index, follow, max-snippet:-1, max-image-preview:large, max-video-preview:-1\" \/>\n<link rel=\"canonical\" href=\"https:\/\/mangrose.fr\/en\/collections\/brown-organic-cotton-t-shirt-with-multicolor-leopard-ray-design\/\" \/>\n<meta property=\"og:locale\" content=\"en_US\" \/>\n<meta property=\"og:type\" content=\"article\" \/>\n<meta property=\"og:title\" content=\"Organic brown cotton T-shirt - Original Ray design Made in Europe | Mangrose\" \/>\n<meta property=\"og:description\" content=\"Certified organic cotton T-shirt, soft and durable. Mangrose Unique Ray design, ethically made in Europe. Every purchase supports species protection.\" \/>\n<meta property=\"og:url\" content=\"https:\/\/mangrose.fr\/en\/collections\/brown-organic-cotton-t-shirt-with-multicolor-leopard-ray-design\/\" \/>\n<meta property=\"og:site_name\" content=\"Mangrose\" \/>\n<meta property=\"article:publisher\" content=\"https:\/\/www.facebook.com\/profile.php?id=61561191892048\" \/>\n<meta property=\"article:modified_time\" content=\"2025-10-28T09:08:16+00:00\" \/>\n<meta property=\"og:image\" content=\"https:\/\/mangrose.fr\/wp-content\/uploads\/TLOGRAYBACKCHO-back.jpg\" \/>\n\t<meta property=\"og:image:width\" content=\"1206\" \/>\n\t<meta property=\"og:image:height\" content=\"1809\" \/>\n\t<meta property=\"og:image:type\" content=\"image\/jpeg\" \/>\n<meta name=\"twitter:card\" content=\"summary_large_image\" \/>\n<meta name=\"twitter:label1\" content=\"Est. reading time\" \/>\n\t<meta name=\"twitter:data1\" content=\"1 minute\" \/>\n<script type=\"application\/ld+json\" class=\"yoast-schema-graph\">{\"@context\":\"https:\\\/\\\/schema.org\",\"@graph\":[{\"@type\":\"WebPage\",\"@id\":\"https:\\\/\\\/mangrose.fr\\\/en\\\/collections\\\/brown-organic-cotton-t-shirt-with-multicolor-leopard-ray-design\\\/\",\"url\":\"https:\\\/\\\/mangrose.fr\\\/en\\\/collections\\\/brown-organic-cotton-t-shirt-with-multicolor-leopard-ray-design\\\/\",\"name\":\"Organic brown cotton T-shirt - Original Ray design Made in Europe | Mangrose\",\"isPartOf\":{\"@id\":\"https:\\\/\\\/mangrose.fr\\\/en\\\/#website\"},\"primaryImageOfPage\":{\"@id\":\"https:\\\/\\\/mangrose.fr\\\/en\\\/collections\\\/brown-organic-cotton-t-shirt-with-multicolor-leopard-ray-design\\\/#primaryimage\"},\"image\":{\"@id\":\"https:\\\/\\\/mangrose.fr\\\/en\\\/collections\\\/brown-organic-cotton-t-shirt-with-multicolor-leopard-ray-design\\\/#primaryimage\"},\"thumbnailUrl\":\"https:\\\/\\\/mangrose.fr\\\/wp-content\\\/uploads\\\/TLOGRAYBACKCHO-back.jpg\",\"datePublished\":\"2025-10-14T14:23:43+00:00\",\"dateModified\":\"2025-10-28T09:08:16+00:00\",\"description\":\"Certified organic cotton T-shirt, soft and durable. Mangrose Unique Ray design, ethically made in Europe. Every purchase supports species protection.\",\"breadcrumb\":{\"@id\":\"https:\\\/\\\/mangrose.fr\\\/en\\\/collections\\\/brown-organic-cotton-t-shirt-with-multicolor-leopard-ray-design\\\/#breadcrumb\"},\"inLanguage\":\"en-US\",\"potentialAction\":[{\"@type\":\"ReadAction\",\"target\":[\"https:\\\/\\\/mangrose.fr\\\/en\\\/collections\\\/brown-organic-cotton-t-shirt-with-multicolor-leopard-ray-design\\\/\"]}]},{\"@type\":\"ImageObject\",\"inLanguage\":\"en-US\",\"@id\":\"https:\\\/\\\/mangrose.fr\\\/en\\\/collections\\\/brown-organic-cotton-t-shirt-with-multicolor-leopard-ray-design\\\/#primaryimage\",\"url\":\"https:\\\/\\\/mangrose.fr\\\/wp-content\\\/uploads\\\/TLOGRAYBACKCHO-back.jpg\",\"contentUrl\":\"https:\\\/\\\/mangrose.fr\\\/wp-content\\\/uploads\\\/TLOGRAYBACKCHO-back.jpg\",\"width\":1206,\"height\":1809,\"caption\":\"Dos d'un T-shirt marron en coton bio marron avec grand motif raie l\u00e9opard multicolore Design original et unique Mangrose Made in Europe\"},{\"@type\":\"BreadcrumbList\",\"@id\":\"https:\\\/\\\/mangrose.fr\\\/en\\\/collections\\\/brown-organic-cotton-t-shirt-with-multicolor-leopard-ray-design\\\/#breadcrumb\",\"itemListElement\":[{\"@type\":\"ListItem\",\"position\":1,\"name\":\"Accueil\",\"item\":\"https:\\\/\\\/mangrose.fr\\\/en\\\/\"},{\"@type\":\"ListItem\",\"position\":2,\"name\":\"Collection\",\"item\":\"https:\\\/\\\/mangrose.fr\\\/en\\\/collections\\\/\"},{\"@type\":\"ListItem\",\"position\":3,\"name\":\"Chocolate brown Organic cotton T-shirt with LEOPARD RAY design &#038; MANGROSE LOGO\"}]},{\"@type\":\"WebSite\",\"@id\":\"https:\\\/\\\/mangrose.fr\\\/en\\\/#website\",\"url\":\"https:\\\/\\\/mangrose.fr\\\/en\\\/\",\"name\":\"Mangrose\",\"description\":\"Une marque de mode engag\u00e9e et inspir\u00e9e par la biodiversit\u00e9\",\"publisher\":{\"@id\":\"https:\\\/\\\/mangrose.fr\\\/en\\\/#organization\"},\"alternateName\":\"Mangrose\",\"potentialAction\":[{\"@type\":\"SearchAction\",\"target\":{\"@type\":\"EntryPoint\",\"urlTemplate\":\"https:\\\/\\\/mangrose.fr\\\/en\\\/?s={search_term_string}\"},\"query-input\":{\"@type\":\"PropertyValueSpecification\",\"valueRequired\":true,\"valueName\":\"search_term_string\"}}],\"inLanguage\":\"en-US\"},{\"@type\":\"Organization\",\"@id\":\"https:\\\/\\\/mangrose.fr\\\/en\\\/#organization\",\"name\":\"Mangrose\",\"alternateName\":\"Mangrose\",\"url\":\"https:\\\/\\\/mangrose.fr\\\/en\\\/\",\"logo\":{\"@type\":\"ImageObject\",\"inLanguage\":\"en-US\",\"@id\":\"https:\\\/\\\/mangrose.fr\\\/en\\\/#\\\/schema\\\/logo\\\/image\\\/\",\"url\":\"https:\\\/\\\/mangrose.fr\\\/wp-content\\\/uploads\\\/logo-mangrose.svg\",\"contentUrl\":\"https:\\\/\\\/mangrose.fr\\\/wp-content\\\/uploads\\\/logo-mangrose.svg\",\"width\":224,\"height\":82,\"caption\":\"Mangrose\"},\"image\":{\"@id\":\"https:\\\/\\\/mangrose.fr\\\/en\\\/#\\\/schema\\\/logo\\\/image\\\/\"},\"sameAs\":[\"https:\\\/\\\/www.facebook.com\\\/profile.php?id=61561191892048\"]}]}<\/script>\n<!-- \/ Yoast SEO plugin. -->","yoast_head_json":{"title":"Organic brown cotton T-shirt - Original Ray design Made in Europe | Mangrose","description":"Certified organic cotton T-shirt, soft and durable. Mangrose Unique Ray design, ethically made in Europe. Every purchase supports species protection.","robots":{"index":"index","follow":"follow","max-snippet":"max-snippet:-1","max-image-preview":"max-image-preview:large","max-video-preview":"max-video-preview:-1"},"canonical":"https:\/\/mangrose.fr\/en\/collections\/brown-organic-cotton-t-shirt-with-multicolor-leopard-ray-design\/","og_locale":"en_US","og_type":"article","og_title":"Organic brown cotton T-shirt - Original Ray design Made in Europe | Mangrose","og_description":"Certified organic cotton T-shirt, soft and durable. Mangrose Unique Ray design, ethically made in Europe. Every purchase supports species protection.","og_url":"https:\/\/mangrose.fr\/en\/collections\/brown-organic-cotton-t-shirt-with-multicolor-leopard-ray-design\/","og_site_name":"Mangrose","article_publisher":"https:\/\/www.facebook.com\/profile.php?id=61561191892048","article_modified_time":"2025-10-28T09:08:16+00:00","og_image":[{"width":1206,"height":1809,"url":"https:\/\/mangrose.fr\/wp-content\/uploads\/TLOGRAYBACKCHO-back.jpg","type":"image\/jpeg"}],"twitter_card":"summary_large_image","twitter_misc":{"Est. reading time":"1 minute"},"schema":{"@context":"https:\/\/schema.org","@graph":[{"@type":"WebPage","@id":"https:\/\/mangrose.fr\/en\/collections\/brown-organic-cotton-t-shirt-with-multicolor-leopard-ray-design\/","url":"https:\/\/mangrose.fr\/en\/collections\/brown-organic-cotton-t-shirt-with-multicolor-leopard-ray-design\/","name":"Organic brown cotton T-shirt - Original Ray design Made in Europe | Mangrose","isPartOf":{"@id":"https:\/\/mangrose.fr\/en\/#website"},"primaryImageOfPage":{"@id":"https:\/\/mangrose.fr\/en\/collections\/brown-organic-cotton-t-shirt-with-multicolor-leopard-ray-design\/#primaryimage"},"image":{"@id":"https:\/\/mangrose.fr\/en\/collections\/brown-organic-cotton-t-shirt-with-multicolor-leopard-ray-design\/#primaryimage"},"thumbnailUrl":"https:\/\/mangrose.fr\/wp-content\/uploads\/TLOGRAYBACKCHO-back.jpg","datePublished":"2025-10-14T14:23:43+00:00","dateModified":"2025-10-28T09:08:16+00:00","description":"Certified organic cotton T-shirt, soft and durable. Mangrose Unique Ray design, ethically made in Europe. Every purchase supports species protection.","breadcrumb":{"@id":"https:\/\/mangrose.fr\/en\/collections\/brown-organic-cotton-t-shirt-with-multicolor-leopard-ray-design\/#breadcrumb"},"inLanguage":"en-US","potentialAction":[{"@type":"ReadAction","target":["https:\/\/mangrose.fr\/en\/collections\/brown-organic-cotton-t-shirt-with-multicolor-leopard-ray-design\/"]}]},{"@type":"ImageObject","inLanguage":"en-US","@id":"https:\/\/mangrose.fr\/en\/collections\/brown-organic-cotton-t-shirt-with-multicolor-leopard-ray-design\/#primaryimage","url":"https:\/\/mangrose.fr\/wp-content\/uploads\/TLOGRAYBACKCHO-back.jpg","contentUrl":"https:\/\/mangrose.fr\/wp-content\/uploads\/TLOGRAYBACKCHO-back.jpg","width":1206,"height":1809,"caption":"Dos d'un T-shirt marron en coton bio marron avec grand motif raie l\u00e9opard multicolore Design original et unique Mangrose Made in Europe"},{"@type":"BreadcrumbList","@id":"https:\/\/mangrose.fr\/en\/collections\/brown-organic-cotton-t-shirt-with-multicolor-leopard-ray-design\/#breadcrumb","itemListElement":[{"@type":"ListItem","position":1,"name":"Accueil","item":"https:\/\/mangrose.fr\/en\/"},{"@type":"ListItem","position":2,"name":"Collection","item":"https:\/\/mangrose.fr\/en\/collections\/"},{"@type":"ListItem","position":3,"name":"Chocolate brown Organic cotton T-shirt with LEOPARD RAY design &#038; MANGROSE LOGO"}]},{"@type":"WebSite","@id":"https:\/\/mangrose.fr\/en\/#website","url":"https:\/\/mangrose.fr\/en\/","name":"Mangrose","description":"Une marque de mode engag\u00e9e et inspir\u00e9e par la biodiversit\u00e9","publisher":{"@id":"https:\/\/mangrose.fr\/en\/#organization"},"alternateName":"Mangrose","potentialAction":[{"@type":"SearchAction","target":{"@type":"EntryPoint","urlTemplate":"https:\/\/mangrose.fr\/en\/?s={search_term_string}"},"query-input":{"@type":"PropertyValueSpecification","valueRequired":true,"valueName":"search_term_string"}}],"inLanguage":"en-US"},{"@type":"Organization","@id":"https:\/\/mangrose.fr\/en\/#organization","name":"Mangrose","alternateName":"Mangrose","url":"https:\/\/mangrose.fr\/en\/","logo":{"@type":"ImageObject","inLanguage":"en-US","@id":"https:\/\/mangrose.fr\/en\/#\/schema\/logo\/image\/","url":"https:\/\/mangrose.fr\/wp-content\/uploads\/logo-mangrose.svg","contentUrl":"https:\/\/mangrose.fr\/wp-content\/uploads\/logo-mangrose.svg","width":224,"height":82,"caption":"Mangrose"},"image":{"@id":"https:\/\/mangrose.fr\/en\/#\/schema\/logo\/image\/"},"sameAs":["https:\/\/www.facebook.com\/profile.php?id=61561191892048"]}]}},"_links":{"self":[{"href":"https:\/\/mangrose.fr\/en\/wp-json\/wp\/v2\/product\/6713","targetHints":{"allow":["GET"]}}],"collection":[{"href":"https:\/\/mangrose.fr\/en\/wp-json\/wp\/v2\/product"}],"about":[{"href":"https:\/\/mangrose.fr\/en\/wp-json\/wp\/v2\/types\/product"}],"version-history":[{"count":3,"href":"https:\/\/mangrose.fr\/en\/wp-json\/wp\/v2\/product\/6713\/revisions"}],"predecessor-version":[{"id":6728,"href":"https:\/\/mangrose.fr\/en\/wp-json\/wp\/v2\/product\/6713\/revisions\/6728"}],"wp:featuredmedia":[{"embeddable":true,"href":"https:\/\/mangrose.fr\/en\/wp-json\/wp\/v2\/media\/6803"}],"wp:attachment":[{"href":"https:\/\/mangrose.fr\/en\/wp-json\/wp\/v2\/media?parent=6713"}],"wp:term":[{"taxonomy":"product_brand","embeddable":true,"href":"https:\/\/mangrose.fr\/en\/wp-json\/wp\/v2\/product_brand?post=6713"},{"taxonomy":"product_cat","embeddable":true,"href":"https:\/\/mangrose.fr\/en\/wp-json\/wp\/v2\/product_cat?post=6713"},{"taxonomy":"product_tag","embeddable":true,"href":"https:\/\/mangrose.fr\/en\/wp-json\/wp\/v2\/product_tag?post=6713"}],"curies":[{"name":"wp","href":"https:\/\/api.w.org\/{rel}","templated":true}]}}