{"id":7175,"date":"2025-12-01T11:25:12","date_gmt":"2025-12-01T10:25:12","guid":{"rendered":"https:\/\/mangrose.fr\/?post_type=product&#038;p=7175"},"modified":"2025-12-01T11:32:04","modified_gmt":"2025-12-01T10:32:04","slug":"black-organic-cotton-t-shirt-with-mini-multicolor-bee-copie","status":"publish","type":"product","link":"https:\/\/mangrose.fr\/en\/collections\/black-organic-cotton-t-shirt-with-mini-multicolor-bee-copie\/","title":{"rendered":"Black organic cotton T-shirt with Mini multicolor bee"},"content":{"rendered":"<p>Medium fit<br \/>\nSimple jersey<\/p>\n","protected":false},"excerpt":{"rendered":"<p>Tshirt in organic cotton<br \/>\nMulticolor bee transfer<\/p>\n","protected":false},"featured_media":7257,"template":"","meta":{"_acf_changed":false,"inline_featured_image":false},"product_brand":[],"product_cat":[80],"product_tag":[121],"class_list":{"0":"post-7175","1":"product","2":"type-product","3":"status-publish","4":"has-post-thumbnail","6":"product_cat-tshirt-en","7":"product_tag-bee-line-en","9":"first","10":"instock","11":"purchasable","12":"product-type-variable"},"acf":[],"yoast_head":"<!-- This site is optimized with the Yoast SEO plugin v27.3 - https:\/\/yoast.com\/product\/yoast-seo-wordpress\/ -->\n<title>Black organic cotton T-shirt - Bee Original design - Made in Europe | Mangrose<\/title>\n<meta name=\"description\" content=\"Black certified organic cotton T-shirt, soft and durable. Mangrose Bee Unique design, ethically produced in Europe - Every purchase supports bees protection\" \/>\n<meta name=\"robots\" content=\"index, follow, max-snippet:-1, max-image-preview:large, max-video-preview:-1\" \/>\n<link rel=\"canonical\" href=\"https:\/\/mangrose.fr\/en\/collections\/black-organic-cotton-t-shirt-with-mini-multicolor-bee-copie\/\" \/>\n<meta property=\"og:locale\" content=\"en_US\" \/>\n<meta property=\"og:type\" content=\"article\" \/>\n<meta property=\"og:title\" content=\"Black organic cotton T-shirt - Bee Original design - Made in Europe | Mangrose\" \/>\n<meta property=\"og:description\" content=\"Black certified organic cotton T-shirt, soft and durable. Mangrose Bee Unique design, ethically produced in Europe - Every purchase supports bees protection\" \/>\n<meta property=\"og:url\" content=\"https:\/\/mangrose.fr\/en\/collections\/black-organic-cotton-t-shirt-with-mini-multicolor-bee-copie\/\" \/>\n<meta property=\"og:site_name\" content=\"Mangrose\" \/>\n<meta property=\"article:publisher\" content=\"https:\/\/www.facebook.com\/profile.php?id=61561191892048\" \/>\n<meta property=\"article:modified_time\" content=\"2025-12-01T10:32:04+00:00\" \/>\n<meta property=\"og:image\" content=\"https:\/\/mangrose.fr\/wp-content\/uploads\/pexels-theplanetspeaks-11635487.jpg\" \/>\n\t<meta property=\"og:image:width\" content=\"1920\" \/>\n\t<meta property=\"og:image:height\" content=\"1280\" \/>\n\t<meta property=\"og:image:type\" content=\"image\/jpeg\" \/>\n<meta name=\"twitter:card\" content=\"summary_large_image\" \/>\n<meta name=\"twitter:label1\" content=\"Est. reading time\" \/>\n\t<meta name=\"twitter:data1\" content=\"1 minute\" \/>\n<script type=\"application\/ld+json\" class=\"yoast-schema-graph\">{\"@context\":\"https:\\\/\\\/schema.org\",\"@graph\":[{\"@type\":\"WebPage\",\"@id\":\"https:\\\/\\\/mangrose.fr\\\/en\\\/collections\\\/black-organic-cotton-t-shirt-with-mini-multicolor-bee-copie\\\/\",\"url\":\"https:\\\/\\\/mangrose.fr\\\/en\\\/collections\\\/black-organic-cotton-t-shirt-with-mini-multicolor-bee-copie\\\/\",\"name\":\"Black organic cotton T-shirt - Bee Original design - Made in Europe | Mangrose\",\"isPartOf\":{\"@id\":\"https:\\\/\\\/mangrose.fr\\\/en\\\/#website\"},\"primaryImageOfPage\":{\"@id\":\"https:\\\/\\\/mangrose.fr\\\/en\\\/collections\\\/black-organic-cotton-t-shirt-with-mini-multicolor-bee-copie\\\/#primaryimage\"},\"image\":{\"@id\":\"https:\\\/\\\/mangrose.fr\\\/en\\\/collections\\\/black-organic-cotton-t-shirt-with-mini-multicolor-bee-copie\\\/#primaryimage\"},\"thumbnailUrl\":\"https:\\\/\\\/mangrose.fr\\\/wp-content\\\/uploads\\\/TBEEBLA.jpg\",\"datePublished\":\"2025-12-01T10:25:12+00:00\",\"dateModified\":\"2025-12-01T10:32:04+00:00\",\"description\":\"Black certified organic cotton T-shirt, soft and durable. Mangrose Bee Unique design, ethically produced in Europe - Every purchase supports bees protection\",\"breadcrumb\":{\"@id\":\"https:\\\/\\\/mangrose.fr\\\/en\\\/collections\\\/black-organic-cotton-t-shirt-with-mini-multicolor-bee-copie\\\/#breadcrumb\"},\"inLanguage\":\"en-US\",\"potentialAction\":[{\"@type\":\"ReadAction\",\"target\":[\"https:\\\/\\\/mangrose.fr\\\/en\\\/collections\\\/black-organic-cotton-t-shirt-with-mini-multicolor-bee-copie\\\/\"]}]},{\"@type\":\"ImageObject\",\"inLanguage\":\"en-US\",\"@id\":\"https:\\\/\\\/mangrose.fr\\\/en\\\/collections\\\/black-organic-cotton-t-shirt-with-mini-multicolor-bee-copie\\\/#primaryimage\",\"url\":\"https:\\\/\\\/mangrose.fr\\\/wp-content\\\/uploads\\\/TBEEBLA.jpg\",\"contentUrl\":\"https:\\\/\\\/mangrose.fr\\\/wp-content\\\/uploads\\\/TBEEBLA.jpg\",\"width\":1206,\"height\":1809},{\"@type\":\"BreadcrumbList\",\"@id\":\"https:\\\/\\\/mangrose.fr\\\/en\\\/collections\\\/black-organic-cotton-t-shirt-with-mini-multicolor-bee-copie\\\/#breadcrumb\",\"itemListElement\":[{\"@type\":\"ListItem\",\"position\":1,\"name\":\"Accueil\",\"item\":\"https:\\\/\\\/mangrose.fr\\\/en\\\/\"},{\"@type\":\"ListItem\",\"position\":2,\"name\":\"Collection\",\"item\":\"https:\\\/\\\/mangrose.fr\\\/en\\\/collections\\\/\"},{\"@type\":\"ListItem\",\"position\":3,\"name\":\"Black organic cotton T-shirt with Mini multicolor bee\"}]},{\"@type\":\"WebSite\",\"@id\":\"https:\\\/\\\/mangrose.fr\\\/en\\\/#website\",\"url\":\"https:\\\/\\\/mangrose.fr\\\/en\\\/\",\"name\":\"Mangrose\",\"description\":\"Une marque de mode engag\u00e9e et inspir\u00e9e par la biodiversit\u00e9\",\"publisher\":{\"@id\":\"https:\\\/\\\/mangrose.fr\\\/en\\\/#organization\"},\"alternateName\":\"Mangrose\",\"potentialAction\":[{\"@type\":\"SearchAction\",\"target\":{\"@type\":\"EntryPoint\",\"urlTemplate\":\"https:\\\/\\\/mangrose.fr\\\/en\\\/?s={search_term_string}\"},\"query-input\":{\"@type\":\"PropertyValueSpecification\",\"valueRequired\":true,\"valueName\":\"search_term_string\"}}],\"inLanguage\":\"en-US\"},{\"@type\":\"Organization\",\"@id\":\"https:\\\/\\\/mangrose.fr\\\/en\\\/#organization\",\"name\":\"Mangrose\",\"alternateName\":\"Mangrose\",\"url\":\"https:\\\/\\\/mangrose.fr\\\/en\\\/\",\"logo\":{\"@type\":\"ImageObject\",\"inLanguage\":\"en-US\",\"@id\":\"https:\\\/\\\/mangrose.fr\\\/en\\\/#\\\/schema\\\/logo\\\/image\\\/\",\"url\":\"https:\\\/\\\/mangrose.fr\\\/wp-content\\\/uploads\\\/logo-mangrose.svg\",\"contentUrl\":\"https:\\\/\\\/mangrose.fr\\\/wp-content\\\/uploads\\\/logo-mangrose.svg\",\"width\":224,\"height\":82,\"caption\":\"Mangrose\"},\"image\":{\"@id\":\"https:\\\/\\\/mangrose.fr\\\/en\\\/#\\\/schema\\\/logo\\\/image\\\/\"},\"sameAs\":[\"https:\\\/\\\/www.facebook.com\\\/profile.php?id=61561191892048\"]}]}<\/script>\n<!-- \/ Yoast SEO plugin. -->","yoast_head_json":{"title":"Black organic cotton T-shirt - Bee Original design - Made in Europe | Mangrose","description":"Black certified organic cotton T-shirt, soft and durable. Mangrose Bee Unique design, ethically produced in Europe - Every purchase supports bees protection","robots":{"index":"index","follow":"follow","max-snippet":"max-snippet:-1","max-image-preview":"max-image-preview:large","max-video-preview":"max-video-preview:-1"},"canonical":"https:\/\/mangrose.fr\/en\/collections\/black-organic-cotton-t-shirt-with-mini-multicolor-bee-copie\/","og_locale":"en_US","og_type":"article","og_title":"Black organic cotton T-shirt - Bee Original design - Made in Europe | Mangrose","og_description":"Black certified organic cotton T-shirt, soft and durable. Mangrose Bee Unique design, ethically produced in Europe - Every purchase supports bees protection","og_url":"https:\/\/mangrose.fr\/en\/collections\/black-organic-cotton-t-shirt-with-mini-multicolor-bee-copie\/","og_site_name":"Mangrose","article_publisher":"https:\/\/www.facebook.com\/profile.php?id=61561191892048","article_modified_time":"2025-12-01T10:32:04+00:00","og_image":[{"width":1920,"height":1280,"url":"https:\/\/mangrose.fr\/wp-content\/uploads\/pexels-theplanetspeaks-11635487.jpg","type":"image\/jpeg"}],"twitter_card":"summary_large_image","twitter_misc":{"Est. reading time":"1 minute"},"schema":{"@context":"https:\/\/schema.org","@graph":[{"@type":"WebPage","@id":"https:\/\/mangrose.fr\/en\/collections\/black-organic-cotton-t-shirt-with-mini-multicolor-bee-copie\/","url":"https:\/\/mangrose.fr\/en\/collections\/black-organic-cotton-t-shirt-with-mini-multicolor-bee-copie\/","name":"Black organic cotton T-shirt - Bee Original design - Made in Europe | Mangrose","isPartOf":{"@id":"https:\/\/mangrose.fr\/en\/#website"},"primaryImageOfPage":{"@id":"https:\/\/mangrose.fr\/en\/collections\/black-organic-cotton-t-shirt-with-mini-multicolor-bee-copie\/#primaryimage"},"image":{"@id":"https:\/\/mangrose.fr\/en\/collections\/black-organic-cotton-t-shirt-with-mini-multicolor-bee-copie\/#primaryimage"},"thumbnailUrl":"https:\/\/mangrose.fr\/wp-content\/uploads\/TBEEBLA.jpg","datePublished":"2025-12-01T10:25:12+00:00","dateModified":"2025-12-01T10:32:04+00:00","description":"Black certified organic cotton T-shirt, soft and durable. Mangrose Bee Unique design, ethically produced in Europe - Every purchase supports bees protection","breadcrumb":{"@id":"https:\/\/mangrose.fr\/en\/collections\/black-organic-cotton-t-shirt-with-mini-multicolor-bee-copie\/#breadcrumb"},"inLanguage":"en-US","potentialAction":[{"@type":"ReadAction","target":["https:\/\/mangrose.fr\/en\/collections\/black-organic-cotton-t-shirt-with-mini-multicolor-bee-copie\/"]}]},{"@type":"ImageObject","inLanguage":"en-US","@id":"https:\/\/mangrose.fr\/en\/collections\/black-organic-cotton-t-shirt-with-mini-multicolor-bee-copie\/#primaryimage","url":"https:\/\/mangrose.fr\/wp-content\/uploads\/TBEEBLA.jpg","contentUrl":"https:\/\/mangrose.fr\/wp-content\/uploads\/TBEEBLA.jpg","width":1206,"height":1809},{"@type":"BreadcrumbList","@id":"https:\/\/mangrose.fr\/en\/collections\/black-organic-cotton-t-shirt-with-mini-multicolor-bee-copie\/#breadcrumb","itemListElement":[{"@type":"ListItem","position":1,"name":"Accueil","item":"https:\/\/mangrose.fr\/en\/"},{"@type":"ListItem","position":2,"name":"Collection","item":"https:\/\/mangrose.fr\/en\/collections\/"},{"@type":"ListItem","position":3,"name":"Black organic cotton T-shirt with Mini multicolor bee"}]},{"@type":"WebSite","@id":"https:\/\/mangrose.fr\/en\/#website","url":"https:\/\/mangrose.fr\/en\/","name":"Mangrose","description":"Une marque de mode engag\u00e9e et inspir\u00e9e par la biodiversit\u00e9","publisher":{"@id":"https:\/\/mangrose.fr\/en\/#organization"},"alternateName":"Mangrose","potentialAction":[{"@type":"SearchAction","target":{"@type":"EntryPoint","urlTemplate":"https:\/\/mangrose.fr\/en\/?s={search_term_string}"},"query-input":{"@type":"PropertyValueSpecification","valueRequired":true,"valueName":"search_term_string"}}],"inLanguage":"en-US"},{"@type":"Organization","@id":"https:\/\/mangrose.fr\/en\/#organization","name":"Mangrose","alternateName":"Mangrose","url":"https:\/\/mangrose.fr\/en\/","logo":{"@type":"ImageObject","inLanguage":"en-US","@id":"https:\/\/mangrose.fr\/en\/#\/schema\/logo\/image\/","url":"https:\/\/mangrose.fr\/wp-content\/uploads\/logo-mangrose.svg","contentUrl":"https:\/\/mangrose.fr\/wp-content\/uploads\/logo-mangrose.svg","width":224,"height":82,"caption":"Mangrose"},"image":{"@id":"https:\/\/mangrose.fr\/en\/#\/schema\/logo\/image\/"},"sameAs":["https:\/\/www.facebook.com\/profile.php?id=61561191892048"]}]}},"_links":{"self":[{"href":"https:\/\/mangrose.fr\/en\/wp-json\/wp\/v2\/product\/7175","targetHints":{"allow":["GET"]}}],"collection":[{"href":"https:\/\/mangrose.fr\/en\/wp-json\/wp\/v2\/product"}],"about":[{"href":"https:\/\/mangrose.fr\/en\/wp-json\/wp\/v2\/types\/product"}],"version-history":[{"count":3,"href":"https:\/\/mangrose.fr\/en\/wp-json\/wp\/v2\/product\/7175\/revisions"}],"predecessor-version":[{"id":7189,"href":"https:\/\/mangrose.fr\/en\/wp-json\/wp\/v2\/product\/7175\/revisions\/7189"}],"wp:featuredmedia":[{"embeddable":true,"href":"https:\/\/mangrose.fr\/en\/wp-json\/wp\/v2\/media\/7257"}],"wp:attachment":[{"href":"https:\/\/mangrose.fr\/en\/wp-json\/wp\/v2\/media?parent=7175"}],"wp:term":[{"taxonomy":"product_brand","embeddable":true,"href":"https:\/\/mangrose.fr\/en\/wp-json\/wp\/v2\/product_brand?post=7175"},{"taxonomy":"product_cat","embeddable":true,"href":"https:\/\/mangrose.fr\/en\/wp-json\/wp\/v2\/product_cat?post=7175"},{"taxonomy":"product_tag","embeddable":true,"href":"https:\/\/mangrose.fr\/en\/wp-json\/wp\/v2\/product_tag?post=7175"}],"curies":[{"name":"wp","href":"https:\/\/api.w.org\/{rel}","templated":true}]}}