{"id":7807,"date":"2026-03-31T17:12:41","date_gmt":"2026-03-31T15:12:41","guid":{"rendered":"https:\/\/mangrose.fr\/?post_type=product&#038;p=7807"},"modified":"2026-03-31T18:15:14","modified_gmt":"2026-03-31T16:15:14","slug":"melon-color-organic-cotton-t-shirt-with-multicolor-leopard-ray","status":"publish","type":"product","link":"https:\/\/mangrose.fr\/en\/collections\/melon-color-organic-cotton-t-shirt-with-multicolor-leopard-ray\/","title":{"rendered":"Melon color Organic cotton T-shirt with multicolor LEOPARD RAY"},"content":{"rendered":"<p>Medium fit<br \/>\nSimple jersey<\/p>\n","protected":false},"excerpt":{"rendered":"<p>Tshirt in organic cotton<br \/>\nMulticolor leopard ray design transfer<\/p>\n","protected":false},"featured_media":7823,"template":"","meta":{"_acf_changed":false,"inline_featured_image":false},"product_brand":[],"product_cat":[80],"product_tag":[126],"class_list":{"0":"post-7807","1":"product","2":"type-product","3":"status-publish","4":"has-post-thumbnail","6":"product_cat-tshirt-en","7":"product_tag-ray-line-en","9":"first","10":"instock","11":"purchasable","12":"product-type-variable"},"acf":[],"yoast_head":"<!-- This site is optimized with the Yoast SEO plugin v27.6 - https:\/\/yoast.com\/product\/yoast-seo-wordpress\/ -->\n<title>Melon eagle ray T-shirt \u2013 Organic cotton | Made in Europe | Mangrose<\/title>\n<meta name=\"description\" content=\"Melon color T-shirt with multicolored eagle ray. Bold design, organic cotton, ocean-inspired. Limited edition made in Portugal\" \/>\n<meta name=\"robots\" content=\"index, follow, max-snippet:-1, max-image-preview:large, max-video-preview:-1\" \/>\n<link rel=\"canonical\" href=\"https:\/\/mangrose.fr\/en\/collections\/melon-color-organic-cotton-t-shirt-with-multicolor-leopard-ray\/\" \/>\n<meta property=\"og:locale\" content=\"en_US\" \/>\n<meta property=\"og:type\" content=\"article\" \/>\n<meta property=\"og:title\" content=\"Melon eagle ray T-shirt \u2013 Organic cotton | Made in Europe | Mangrose\" \/>\n<meta property=\"og:description\" content=\"Melon color T-shirt with multicolored eagle ray. Bold design, organic cotton, ocean-inspired. Limited edition made in Portugal\" \/>\n<meta property=\"og:url\" content=\"https:\/\/mangrose.fr\/en\/collections\/melon-color-organic-cotton-t-shirt-with-multicolor-leopard-ray\/\" \/>\n<meta property=\"og:site_name\" content=\"Mangrose\" \/>\n<meta property=\"article:publisher\" content=\"https:\/\/www.facebook.com\/profile.php?id=61561191892048\" \/>\n<meta property=\"article:modified_time\" content=\"2026-03-31T16:15:14+00:00\" \/>\n<meta property=\"og:image\" content=\"https:\/\/mangrose.fr\/wp-content\/uploads\/TSHIRT-MINI-RAIE-DEVANT-MELON-shoot-OK-2.jpg\" \/>\n\t<meta property=\"og:image:width\" content=\"1206\" \/>\n\t<meta property=\"og:image:height\" content=\"1798\" \/>\n\t<meta property=\"og:image:type\" content=\"image\/jpeg\" \/>\n<meta name=\"twitter:card\" content=\"summary_large_image\" \/>\n<meta name=\"twitter:label1\" content=\"Est. reading time\" \/>\n\t<meta name=\"twitter:data1\" content=\"1 minute\" \/>\n<script type=\"application\/ld+json\" class=\"yoast-schema-graph\">{\"@context\":\"https:\\\/\\\/schema.org\",\"@graph\":[{\"@type\":\"WebPage\",\"@id\":\"https:\\\/\\\/mangrose.fr\\\/en\\\/collections\\\/melon-color-organic-cotton-t-shirt-with-multicolor-leopard-ray\\\/\",\"url\":\"https:\\\/\\\/mangrose.fr\\\/en\\\/collections\\\/melon-color-organic-cotton-t-shirt-with-multicolor-leopard-ray\\\/\",\"name\":\"Melon eagle ray T-shirt \u2013 Organic cotton | Made in Europe | Mangrose\",\"isPartOf\":{\"@id\":\"https:\\\/\\\/mangrose.fr\\\/en\\\/#website\"},\"primaryImageOfPage\":{\"@id\":\"https:\\\/\\\/mangrose.fr\\\/en\\\/collections\\\/melon-color-organic-cotton-t-shirt-with-multicolor-leopard-ray\\\/#primaryimage\"},\"image\":{\"@id\":\"https:\\\/\\\/mangrose.fr\\\/en\\\/collections\\\/melon-color-organic-cotton-t-shirt-with-multicolor-leopard-ray\\\/#primaryimage\"},\"thumbnailUrl\":\"https:\\\/\\\/mangrose.fr\\\/wp-content\\\/uploads\\\/TSHIRT-MINI-RAIE-DEVANT-MELON-shoot-OK-2.jpg\",\"datePublished\":\"2026-03-31T15:12:41+00:00\",\"dateModified\":\"2026-03-31T16:15:14+00:00\",\"description\":\"Melon color T-shirt with multicolored eagle ray. Bold design, organic cotton, ocean-inspired. Limited edition made in Portugal\",\"breadcrumb\":{\"@id\":\"https:\\\/\\\/mangrose.fr\\\/en\\\/collections\\\/melon-color-organic-cotton-t-shirt-with-multicolor-leopard-ray\\\/#breadcrumb\"},\"inLanguage\":\"en-US\",\"potentialAction\":[{\"@type\":\"ReadAction\",\"target\":[\"https:\\\/\\\/mangrose.fr\\\/en\\\/collections\\\/melon-color-organic-cotton-t-shirt-with-multicolor-leopard-ray\\\/\"]}]},{\"@type\":\"ImageObject\",\"inLanguage\":\"en-US\",\"@id\":\"https:\\\/\\\/mangrose.fr\\\/en\\\/collections\\\/melon-color-organic-cotton-t-shirt-with-multicolor-leopard-ray\\\/#primaryimage\",\"url\":\"https:\\\/\\\/mangrose.fr\\\/wp-content\\\/uploads\\\/TSHIRT-MINI-RAIE-DEVANT-MELON-shoot-OK-2.jpg\",\"contentUrl\":\"https:\\\/\\\/mangrose.fr\\\/wp-content\\\/uploads\\\/TSHIRT-MINI-RAIE-DEVANT-MELON-shoot-OK-2.jpg\",\"width\":1206,\"height\":1798},{\"@type\":\"BreadcrumbList\",\"@id\":\"https:\\\/\\\/mangrose.fr\\\/en\\\/collections\\\/melon-color-organic-cotton-t-shirt-with-multicolor-leopard-ray\\\/#breadcrumb\",\"itemListElement\":[{\"@type\":\"ListItem\",\"position\":1,\"name\":\"Accueil\",\"item\":\"https:\\\/\\\/mangrose.fr\\\/en\\\/home\\\/\"},{\"@type\":\"ListItem\",\"position\":2,\"name\":\"Collection\",\"item\":\"https:\\\/\\\/mangrose.fr\\\/en\\\/collections\\\/\"},{\"@type\":\"ListItem\",\"position\":3,\"name\":\"Melon color Organic cotton T-shirt with multicolor LEOPARD RAY\"}]},{\"@type\":\"WebSite\",\"@id\":\"https:\\\/\\\/mangrose.fr\\\/en\\\/#website\",\"url\":\"https:\\\/\\\/mangrose.fr\\\/en\\\/\",\"name\":\"Mangrose\",\"description\":\"Une marque de mode engag\u00e9e et inspir\u00e9e par la biodiversit\u00e9\",\"publisher\":{\"@id\":\"https:\\\/\\\/mangrose.fr\\\/en\\\/#organization\"},\"alternateName\":\"Mangrose\",\"potentialAction\":[{\"@type\":\"SearchAction\",\"target\":{\"@type\":\"EntryPoint\",\"urlTemplate\":\"https:\\\/\\\/mangrose.fr\\\/en\\\/?s={search_term_string}\"},\"query-input\":{\"@type\":\"PropertyValueSpecification\",\"valueRequired\":true,\"valueName\":\"search_term_string\"}}],\"inLanguage\":\"en-US\"},{\"@type\":\"Organization\",\"@id\":\"https:\\\/\\\/mangrose.fr\\\/en\\\/#organization\",\"name\":\"Mangrose\",\"alternateName\":\"Mangrose\",\"url\":\"https:\\\/\\\/mangrose.fr\\\/en\\\/\",\"logo\":{\"@type\":\"ImageObject\",\"inLanguage\":\"en-US\",\"@id\":\"https:\\\/\\\/mangrose.fr\\\/en\\\/#\\\/schema\\\/logo\\\/image\\\/\",\"url\":\"https:\\\/\\\/mangrose.fr\\\/wp-content\\\/uploads\\\/logo-mangrose.svg\",\"contentUrl\":\"https:\\\/\\\/mangrose.fr\\\/wp-content\\\/uploads\\\/logo-mangrose.svg\",\"width\":224,\"height\":82,\"caption\":\"Mangrose\"},\"image\":{\"@id\":\"https:\\\/\\\/mangrose.fr\\\/en\\\/#\\\/schema\\\/logo\\\/image\\\/\"},\"sameAs\":[\"https:\\\/\\\/www.facebook.com\\\/profile.php?id=61561191892048\"]}]}<\/script>\n<!-- \/ Yoast SEO plugin. -->","yoast_head_json":{"title":"Melon eagle ray T-shirt \u2013 Organic cotton | Made in Europe | Mangrose","description":"Melon color T-shirt with multicolored eagle ray. Bold design, organic cotton, ocean-inspired. Limited edition made in Portugal","robots":{"index":"index","follow":"follow","max-snippet":"max-snippet:-1","max-image-preview":"max-image-preview:large","max-video-preview":"max-video-preview:-1"},"canonical":"https:\/\/mangrose.fr\/en\/collections\/melon-color-organic-cotton-t-shirt-with-multicolor-leopard-ray\/","og_locale":"en_US","og_type":"article","og_title":"Melon eagle ray T-shirt \u2013 Organic cotton | Made in Europe | Mangrose","og_description":"Melon color T-shirt with multicolored eagle ray. Bold design, organic cotton, ocean-inspired. Limited edition made in Portugal","og_url":"https:\/\/mangrose.fr\/en\/collections\/melon-color-organic-cotton-t-shirt-with-multicolor-leopard-ray\/","og_site_name":"Mangrose","article_publisher":"https:\/\/www.facebook.com\/profile.php?id=61561191892048","article_modified_time":"2026-03-31T16:15:14+00:00","og_image":[{"width":1206,"height":1798,"url":"https:\/\/mangrose.fr\/wp-content\/uploads\/TSHIRT-MINI-RAIE-DEVANT-MELON-shoot-OK-2.jpg","type":"image\/jpeg"}],"twitter_card":"summary_large_image","twitter_misc":{"Est. reading time":"1 minute"},"schema":{"@context":"https:\/\/schema.org","@graph":[{"@type":"WebPage","@id":"https:\/\/mangrose.fr\/en\/collections\/melon-color-organic-cotton-t-shirt-with-multicolor-leopard-ray\/","url":"https:\/\/mangrose.fr\/en\/collections\/melon-color-organic-cotton-t-shirt-with-multicolor-leopard-ray\/","name":"Melon eagle ray T-shirt \u2013 Organic cotton | Made in Europe | Mangrose","isPartOf":{"@id":"https:\/\/mangrose.fr\/en\/#website"},"primaryImageOfPage":{"@id":"https:\/\/mangrose.fr\/en\/collections\/melon-color-organic-cotton-t-shirt-with-multicolor-leopard-ray\/#primaryimage"},"image":{"@id":"https:\/\/mangrose.fr\/en\/collections\/melon-color-organic-cotton-t-shirt-with-multicolor-leopard-ray\/#primaryimage"},"thumbnailUrl":"https:\/\/mangrose.fr\/wp-content\/uploads\/TSHIRT-MINI-RAIE-DEVANT-MELON-shoot-OK-2.jpg","datePublished":"2026-03-31T15:12:41+00:00","dateModified":"2026-03-31T16:15:14+00:00","description":"Melon color T-shirt with multicolored eagle ray. Bold design, organic cotton, ocean-inspired. Limited edition made in Portugal","breadcrumb":{"@id":"https:\/\/mangrose.fr\/en\/collections\/melon-color-organic-cotton-t-shirt-with-multicolor-leopard-ray\/#breadcrumb"},"inLanguage":"en-US","potentialAction":[{"@type":"ReadAction","target":["https:\/\/mangrose.fr\/en\/collections\/melon-color-organic-cotton-t-shirt-with-multicolor-leopard-ray\/"]}]},{"@type":"ImageObject","inLanguage":"en-US","@id":"https:\/\/mangrose.fr\/en\/collections\/melon-color-organic-cotton-t-shirt-with-multicolor-leopard-ray\/#primaryimage","url":"https:\/\/mangrose.fr\/wp-content\/uploads\/TSHIRT-MINI-RAIE-DEVANT-MELON-shoot-OK-2.jpg","contentUrl":"https:\/\/mangrose.fr\/wp-content\/uploads\/TSHIRT-MINI-RAIE-DEVANT-MELON-shoot-OK-2.jpg","width":1206,"height":1798},{"@type":"BreadcrumbList","@id":"https:\/\/mangrose.fr\/en\/collections\/melon-color-organic-cotton-t-shirt-with-multicolor-leopard-ray\/#breadcrumb","itemListElement":[{"@type":"ListItem","position":1,"name":"Accueil","item":"https:\/\/mangrose.fr\/en\/home\/"},{"@type":"ListItem","position":2,"name":"Collection","item":"https:\/\/mangrose.fr\/en\/collections\/"},{"@type":"ListItem","position":3,"name":"Melon color Organic cotton T-shirt with multicolor LEOPARD RAY"}]},{"@type":"WebSite","@id":"https:\/\/mangrose.fr\/en\/#website","url":"https:\/\/mangrose.fr\/en\/","name":"Mangrose","description":"Une marque de mode engag\u00e9e et inspir\u00e9e par la biodiversit\u00e9","publisher":{"@id":"https:\/\/mangrose.fr\/en\/#organization"},"alternateName":"Mangrose","potentialAction":[{"@type":"SearchAction","target":{"@type":"EntryPoint","urlTemplate":"https:\/\/mangrose.fr\/en\/?s={search_term_string}"},"query-input":{"@type":"PropertyValueSpecification","valueRequired":true,"valueName":"search_term_string"}}],"inLanguage":"en-US"},{"@type":"Organization","@id":"https:\/\/mangrose.fr\/en\/#organization","name":"Mangrose","alternateName":"Mangrose","url":"https:\/\/mangrose.fr\/en\/","logo":{"@type":"ImageObject","inLanguage":"en-US","@id":"https:\/\/mangrose.fr\/en\/#\/schema\/logo\/image\/","url":"https:\/\/mangrose.fr\/wp-content\/uploads\/logo-mangrose.svg","contentUrl":"https:\/\/mangrose.fr\/wp-content\/uploads\/logo-mangrose.svg","width":224,"height":82,"caption":"Mangrose"},"image":{"@id":"https:\/\/mangrose.fr\/en\/#\/schema\/logo\/image\/"},"sameAs":["https:\/\/www.facebook.com\/profile.php?id=61561191892048"]}]}},"_links":{"self":[{"href":"https:\/\/mangrose.fr\/en\/wp-json\/wp\/v2\/product\/7807","targetHints":{"allow":["GET"]}}],"collection":[{"href":"https:\/\/mangrose.fr\/en\/wp-json\/wp\/v2\/product"}],"about":[{"href":"https:\/\/mangrose.fr\/en\/wp-json\/wp\/v2\/types\/product"}],"version-history":[{"count":3,"href":"https:\/\/mangrose.fr\/en\/wp-json\/wp\/v2\/product\/7807\/revisions"}],"predecessor-version":[{"id":7837,"href":"https:\/\/mangrose.fr\/en\/wp-json\/wp\/v2\/product\/7807\/revisions\/7837"}],"wp:featuredmedia":[{"embeddable":true,"href":"https:\/\/mangrose.fr\/en\/wp-json\/wp\/v2\/media\/7823"}],"wp:attachment":[{"href":"https:\/\/mangrose.fr\/en\/wp-json\/wp\/v2\/media?parent=7807"}],"wp:term":[{"taxonomy":"product_brand","embeddable":true,"href":"https:\/\/mangrose.fr\/en\/wp-json\/wp\/v2\/product_brand?post=7807"},{"taxonomy":"product_cat","embeddable":true,"href":"https:\/\/mangrose.fr\/en\/wp-json\/wp\/v2\/product_cat?post=7807"},{"taxonomy":"product_tag","embeddable":true,"href":"https:\/\/mangrose.fr\/en\/wp-json\/wp\/v2\/product_tag?post=7807"}],"curies":[{"name":"wp","href":"https:\/\/api.w.org\/{rel}","templated":true}]}}