{"id":7844,"date":"2026-03-31T18:37:28","date_gmt":"2026-03-31T16:37:28","guid":{"rendered":"https:\/\/mangrose.fr\/?post_type=product&#038;p=7844"},"modified":"2026-03-31T19:22:18","modified_gmt":"2026-03-31T17:22:18","slug":"melon-orange-organic-cotton-t-shirt-with-leopard-ray-design","status":"publish","type":"product","link":"https:\/\/mangrose.fr\/en\/collections\/melon-orange-organic-cotton-t-shirt-with-leopard-ray-design\/","title":{"rendered":"Melon Organic cotton T-shirt with LEOPARD RAY design &#038; MANGROSE LOGO"},"content":{"rendered":"<p>Medium fit<br \/>\nSimple jersey<\/p>\n","protected":false},"excerpt":{"rendered":"<p>Tshirt in organic cotton<\/p>\n<p>Mangrose Logo on the front: transfer<\/p>\n<p>Multicolor leopard ray design on the back: digital print<\/p>\n","protected":false},"featured_media":7867,"template":"","meta":{"_acf_changed":false,"inline_featured_image":false},"product_brand":[],"product_cat":[80],"product_tag":[104,126],"class_list":{"0":"post-7844","1":"product","2":"type-product","3":"status-publish","4":"has-post-thumbnail","6":"product_cat-tshirt-en","7":"product_tag-logo-en","8":"product_tag-ray-line-en","10":"first","11":"instock","12":"purchasable","13":"product-type-variable"},"acf":[],"yoast_head":"<!-- This site is optimized with the Yoast SEO plugin v27.6 - https:\/\/yoast.com\/product\/yoast-seo-wordpress\/ -->\n<title>Melon-colored T-shirt with leopard eagle ray on the back | Mangrose<\/title>\n<meta name=\"description\" content=\"Melon-coloured T-shirt with eagle ray design on the back. Unique style, organic cotton. Ethically made in Europe. Limited edition\" \/>\n<meta name=\"robots\" content=\"index, follow, max-snippet:-1, max-image-preview:large, max-video-preview:-1\" \/>\n<link rel=\"canonical\" href=\"https:\/\/mangrose.fr\/en\/collections\/melon-orange-organic-cotton-t-shirt-with-leopard-ray-design\/\" \/>\n<meta property=\"og:locale\" content=\"en_US\" \/>\n<meta property=\"og:type\" content=\"article\" \/>\n<meta property=\"og:title\" content=\"Melon-colored T-shirt with leopard eagle ray on the back | Mangrose\" \/>\n<meta property=\"og:description\" content=\"Melon-coloured T-shirt with eagle ray design on the back. Unique style, organic cotton. Ethically made in Europe. Limited edition\" \/>\n<meta property=\"og:url\" content=\"https:\/\/mangrose.fr\/en\/collections\/melon-orange-organic-cotton-t-shirt-with-leopard-ray-design\/\" \/>\n<meta property=\"og:site_name\" content=\"Mangrose\" \/>\n<meta property=\"article:publisher\" content=\"https:\/\/www.facebook.com\/profile.php?id=61561191892048\" \/>\n<meta property=\"article:modified_time\" content=\"2026-03-31T17:22:18+00:00\" \/>\n<meta property=\"og:image\" content=\"https:\/\/mangrose.fr\/wp-content\/uploads\/TSHIRT-RAIE-DOS-MELON-DOS-shoot.jpg\" \/>\n\t<meta property=\"og:image:width\" content=\"1288\" \/>\n\t<meta property=\"og:image:height\" content=\"1920\" \/>\n\t<meta property=\"og:image:type\" content=\"image\/jpeg\" \/>\n<meta name=\"twitter:card\" content=\"summary_large_image\" \/>\n<meta name=\"twitter:label1\" content=\"Est. reading time\" \/>\n\t<meta name=\"twitter:data1\" content=\"1 minute\" \/>\n<script type=\"application\/ld+json\" class=\"yoast-schema-graph\">{\"@context\":\"https:\\\/\\\/schema.org\",\"@graph\":[{\"@type\":\"WebPage\",\"@id\":\"https:\\\/\\\/mangrose.fr\\\/en\\\/collections\\\/melon-orange-organic-cotton-t-shirt-with-leopard-ray-design\\\/\",\"url\":\"https:\\\/\\\/mangrose.fr\\\/en\\\/collections\\\/melon-orange-organic-cotton-t-shirt-with-leopard-ray-design\\\/\",\"name\":\"Melon-colored T-shirt with leopard eagle ray on the back | Mangrose\",\"isPartOf\":{\"@id\":\"https:\\\/\\\/mangrose.fr\\\/en\\\/#website\"},\"primaryImageOfPage\":{\"@id\":\"https:\\\/\\\/mangrose.fr\\\/en\\\/collections\\\/melon-orange-organic-cotton-t-shirt-with-leopard-ray-design\\\/#primaryimage\"},\"image\":{\"@id\":\"https:\\\/\\\/mangrose.fr\\\/en\\\/collections\\\/melon-orange-organic-cotton-t-shirt-with-leopard-ray-design\\\/#primaryimage\"},\"thumbnailUrl\":\"https:\\\/\\\/mangrose.fr\\\/wp-content\\\/uploads\\\/TSHIRT-RAIE-DOS-MELON-DOS-shoot.jpg\",\"datePublished\":\"2026-03-31T16:37:28+00:00\",\"dateModified\":\"2026-03-31T17:22:18+00:00\",\"description\":\"Melon-coloured T-shirt with eagle ray design on the back. Unique style, organic cotton. Ethically made in Europe. Limited edition\",\"breadcrumb\":{\"@id\":\"https:\\\/\\\/mangrose.fr\\\/en\\\/collections\\\/melon-orange-organic-cotton-t-shirt-with-leopard-ray-design\\\/#breadcrumb\"},\"inLanguage\":\"en-US\",\"potentialAction\":[{\"@type\":\"ReadAction\",\"target\":[\"https:\\\/\\\/mangrose.fr\\\/en\\\/collections\\\/melon-orange-organic-cotton-t-shirt-with-leopard-ray-design\\\/\"]}]},{\"@type\":\"ImageObject\",\"inLanguage\":\"en-US\",\"@id\":\"https:\\\/\\\/mangrose.fr\\\/en\\\/collections\\\/melon-orange-organic-cotton-t-shirt-with-leopard-ray-design\\\/#primaryimage\",\"url\":\"https:\\\/\\\/mangrose.fr\\\/wp-content\\\/uploads\\\/TSHIRT-RAIE-DOS-MELON-DOS-shoot.jpg\",\"contentUrl\":\"https:\\\/\\\/mangrose.fr\\\/wp-content\\\/uploads\\\/TSHIRT-RAIE-DOS-MELON-DOS-shoot.jpg\",\"width\":1288,\"height\":1920},{\"@type\":\"BreadcrumbList\",\"@id\":\"https:\\\/\\\/mangrose.fr\\\/en\\\/collections\\\/melon-orange-organic-cotton-t-shirt-with-leopard-ray-design\\\/#breadcrumb\",\"itemListElement\":[{\"@type\":\"ListItem\",\"position\":1,\"name\":\"Accueil\",\"item\":\"https:\\\/\\\/mangrose.fr\\\/en\\\/home\\\/\"},{\"@type\":\"ListItem\",\"position\":2,\"name\":\"Collection\",\"item\":\"https:\\\/\\\/mangrose.fr\\\/en\\\/collections\\\/\"},{\"@type\":\"ListItem\",\"position\":3,\"name\":\"Melon Organic cotton T-shirt with LEOPARD RAY design &#038; MANGROSE LOGO\"}]},{\"@type\":\"WebSite\",\"@id\":\"https:\\\/\\\/mangrose.fr\\\/en\\\/#website\",\"url\":\"https:\\\/\\\/mangrose.fr\\\/en\\\/\",\"name\":\"Mangrose\",\"description\":\"Une marque de mode engag\u00e9e et inspir\u00e9e par la biodiversit\u00e9\",\"publisher\":{\"@id\":\"https:\\\/\\\/mangrose.fr\\\/en\\\/#organization\"},\"alternateName\":\"Mangrose\",\"potentialAction\":[{\"@type\":\"SearchAction\",\"target\":{\"@type\":\"EntryPoint\",\"urlTemplate\":\"https:\\\/\\\/mangrose.fr\\\/en\\\/?s={search_term_string}\"},\"query-input\":{\"@type\":\"PropertyValueSpecification\",\"valueRequired\":true,\"valueName\":\"search_term_string\"}}],\"inLanguage\":\"en-US\"},{\"@type\":\"Organization\",\"@id\":\"https:\\\/\\\/mangrose.fr\\\/en\\\/#organization\",\"name\":\"Mangrose\",\"alternateName\":\"Mangrose\",\"url\":\"https:\\\/\\\/mangrose.fr\\\/en\\\/\",\"logo\":{\"@type\":\"ImageObject\",\"inLanguage\":\"en-US\",\"@id\":\"https:\\\/\\\/mangrose.fr\\\/en\\\/#\\\/schema\\\/logo\\\/image\\\/\",\"url\":\"https:\\\/\\\/mangrose.fr\\\/wp-content\\\/uploads\\\/logo-mangrose.svg\",\"contentUrl\":\"https:\\\/\\\/mangrose.fr\\\/wp-content\\\/uploads\\\/logo-mangrose.svg\",\"width\":224,\"height\":82,\"caption\":\"Mangrose\"},\"image\":{\"@id\":\"https:\\\/\\\/mangrose.fr\\\/en\\\/#\\\/schema\\\/logo\\\/image\\\/\"},\"sameAs\":[\"https:\\\/\\\/www.facebook.com\\\/profile.php?id=61561191892048\"]}]}<\/script>\n<!-- \/ Yoast SEO plugin. -->","yoast_head_json":{"title":"Melon-colored T-shirt with leopard eagle ray on the back | Mangrose","description":"Melon-coloured T-shirt with eagle ray design on the back. Unique style, organic cotton. Ethically made in Europe. Limited edition","robots":{"index":"index","follow":"follow","max-snippet":"max-snippet:-1","max-image-preview":"max-image-preview:large","max-video-preview":"max-video-preview:-1"},"canonical":"https:\/\/mangrose.fr\/en\/collections\/melon-orange-organic-cotton-t-shirt-with-leopard-ray-design\/","og_locale":"en_US","og_type":"article","og_title":"Melon-colored T-shirt with leopard eagle ray on the back | Mangrose","og_description":"Melon-coloured T-shirt with eagle ray design on the back. Unique style, organic cotton. Ethically made in Europe. Limited edition","og_url":"https:\/\/mangrose.fr\/en\/collections\/melon-orange-organic-cotton-t-shirt-with-leopard-ray-design\/","og_site_name":"Mangrose","article_publisher":"https:\/\/www.facebook.com\/profile.php?id=61561191892048","article_modified_time":"2026-03-31T17:22:18+00:00","og_image":[{"width":1288,"height":1920,"url":"https:\/\/mangrose.fr\/wp-content\/uploads\/TSHIRT-RAIE-DOS-MELON-DOS-shoot.jpg","type":"image\/jpeg"}],"twitter_card":"summary_large_image","twitter_misc":{"Est. reading time":"1 minute"},"schema":{"@context":"https:\/\/schema.org","@graph":[{"@type":"WebPage","@id":"https:\/\/mangrose.fr\/en\/collections\/melon-orange-organic-cotton-t-shirt-with-leopard-ray-design\/","url":"https:\/\/mangrose.fr\/en\/collections\/melon-orange-organic-cotton-t-shirt-with-leopard-ray-design\/","name":"Melon-colored T-shirt with leopard eagle ray on the back | Mangrose","isPartOf":{"@id":"https:\/\/mangrose.fr\/en\/#website"},"primaryImageOfPage":{"@id":"https:\/\/mangrose.fr\/en\/collections\/melon-orange-organic-cotton-t-shirt-with-leopard-ray-design\/#primaryimage"},"image":{"@id":"https:\/\/mangrose.fr\/en\/collections\/melon-orange-organic-cotton-t-shirt-with-leopard-ray-design\/#primaryimage"},"thumbnailUrl":"https:\/\/mangrose.fr\/wp-content\/uploads\/TSHIRT-RAIE-DOS-MELON-DOS-shoot.jpg","datePublished":"2026-03-31T16:37:28+00:00","dateModified":"2026-03-31T17:22:18+00:00","description":"Melon-coloured T-shirt with eagle ray design on the back. Unique style, organic cotton. Ethically made in Europe. Limited edition","breadcrumb":{"@id":"https:\/\/mangrose.fr\/en\/collections\/melon-orange-organic-cotton-t-shirt-with-leopard-ray-design\/#breadcrumb"},"inLanguage":"en-US","potentialAction":[{"@type":"ReadAction","target":["https:\/\/mangrose.fr\/en\/collections\/melon-orange-organic-cotton-t-shirt-with-leopard-ray-design\/"]}]},{"@type":"ImageObject","inLanguage":"en-US","@id":"https:\/\/mangrose.fr\/en\/collections\/melon-orange-organic-cotton-t-shirt-with-leopard-ray-design\/#primaryimage","url":"https:\/\/mangrose.fr\/wp-content\/uploads\/TSHIRT-RAIE-DOS-MELON-DOS-shoot.jpg","contentUrl":"https:\/\/mangrose.fr\/wp-content\/uploads\/TSHIRT-RAIE-DOS-MELON-DOS-shoot.jpg","width":1288,"height":1920},{"@type":"BreadcrumbList","@id":"https:\/\/mangrose.fr\/en\/collections\/melon-orange-organic-cotton-t-shirt-with-leopard-ray-design\/#breadcrumb","itemListElement":[{"@type":"ListItem","position":1,"name":"Accueil","item":"https:\/\/mangrose.fr\/en\/home\/"},{"@type":"ListItem","position":2,"name":"Collection","item":"https:\/\/mangrose.fr\/en\/collections\/"},{"@type":"ListItem","position":3,"name":"Melon Organic cotton T-shirt with LEOPARD RAY design &#038; MANGROSE LOGO"}]},{"@type":"WebSite","@id":"https:\/\/mangrose.fr\/en\/#website","url":"https:\/\/mangrose.fr\/en\/","name":"Mangrose","description":"Une marque de mode engag\u00e9e et inspir\u00e9e par la biodiversit\u00e9","publisher":{"@id":"https:\/\/mangrose.fr\/en\/#organization"},"alternateName":"Mangrose","potentialAction":[{"@type":"SearchAction","target":{"@type":"EntryPoint","urlTemplate":"https:\/\/mangrose.fr\/en\/?s={search_term_string}"},"query-input":{"@type":"PropertyValueSpecification","valueRequired":true,"valueName":"search_term_string"}}],"inLanguage":"en-US"},{"@type":"Organization","@id":"https:\/\/mangrose.fr\/en\/#organization","name":"Mangrose","alternateName":"Mangrose","url":"https:\/\/mangrose.fr\/en\/","logo":{"@type":"ImageObject","inLanguage":"en-US","@id":"https:\/\/mangrose.fr\/en\/#\/schema\/logo\/image\/","url":"https:\/\/mangrose.fr\/wp-content\/uploads\/logo-mangrose.svg","contentUrl":"https:\/\/mangrose.fr\/wp-content\/uploads\/logo-mangrose.svg","width":224,"height":82,"caption":"Mangrose"},"image":{"@id":"https:\/\/mangrose.fr\/en\/#\/schema\/logo\/image\/"},"sameAs":["https:\/\/www.facebook.com\/profile.php?id=61561191892048"]}]}},"_links":{"self":[{"href":"https:\/\/mangrose.fr\/en\/wp-json\/wp\/v2\/product\/7844","targetHints":{"allow":["GET"]}}],"collection":[{"href":"https:\/\/mangrose.fr\/en\/wp-json\/wp\/v2\/product"}],"about":[{"href":"https:\/\/mangrose.fr\/en\/wp-json\/wp\/v2\/types\/product"}],"version-history":[{"count":3,"href":"https:\/\/mangrose.fr\/en\/wp-json\/wp\/v2\/product\/7844\/revisions"}],"predecessor-version":[{"id":7869,"href":"https:\/\/mangrose.fr\/en\/wp-json\/wp\/v2\/product\/7844\/revisions\/7869"}],"wp:featuredmedia":[{"embeddable":true,"href":"https:\/\/mangrose.fr\/en\/wp-json\/wp\/v2\/media\/7867"}],"wp:attachment":[{"href":"https:\/\/mangrose.fr\/en\/wp-json\/wp\/v2\/media?parent=7844"}],"wp:term":[{"taxonomy":"product_brand","embeddable":true,"href":"https:\/\/mangrose.fr\/en\/wp-json\/wp\/v2\/product_brand?post=7844"},{"taxonomy":"product_cat","embeddable":true,"href":"https:\/\/mangrose.fr\/en\/wp-json\/wp\/v2\/product_cat?post=7844"},{"taxonomy":"product_tag","embeddable":true,"href":"https:\/\/mangrose.fr\/en\/wp-json\/wp\/v2\/product_tag?post=7844"}],"curies":[{"name":"wp","href":"https:\/\/api.w.org\/{rel}","templated":true}]}}